{"id":8440,"date":"2024-01-17T15:45:06","date_gmt":"2024-01-17T14:45:06","guid":{"rendered":"https:\/\/atlasgm.com\/politica-de-cookies\/"},"modified":"2024-01-17T15:45:07","modified_gmt":"2024-01-17T14:45:07","slug":"politica-de-cookies","status":"publish","type":"page","link":"https:\/\/atlasgm.com\/es\/politica-de-cookies\/","title":{"rendered":"Pol\u00edtica de cookies"},"content":{"rendered":"\t\t<div data-elementor-type=\"wp-page\" data-elementor-id=\"8440\" class=\"elementor elementor-8440 elementor-8381\" data-elementor-post-type=\"page\">\n\t\t\t\t\t\t<section class=\"elementor-section elementor-top-section elementor-element elementor-element-3619c01 v-pg-legals elementor-section-boxed elementor-section-height-default elementor-section-height-default\" data-id=\"3619c01\" data-element_type=\"section\" data-e-type=\"section\" data-settings=\"{&quot;background_background&quot;:&quot;classic&quot;}\">\n\t\t\t\t\t\t<div class=\"elementor-container elementor-column-gap-default\">\n\t\t\t\t\t<div class=\"elementor-column elementor-col-100 elementor-top-column elementor-element elementor-element-825f3a6\" data-id=\"825f3a6\" data-element_type=\"column\" data-e-type=\"column\">\n\t\t\t<div class=\"elementor-widget-wrap elementor-element-populated\">\n\t\t\t\t\t\t<div class=\"elementor-element elementor-element-aa273b4 elementor-widget__width-initial elementor-widget elementor-widget-text-editor\" data-id=\"aa273b4\" data-element_type=\"widget\" data-e-type=\"widget\" data-widget_type=\"text-editor.default\">\n\t\t\t\t<div class=\"elementor-widget-container\">\n\t\t\t\t\t\t\t\t\t<h3>INFORMACI\u00d3N SOBRE COOKIES<\/h3>\n<p>Conforme con la Ley 34\/2002, de 11 de julio, de servicios de la sociedad de la informaci\u00f3n y de comercio electr\u00f3nico (LSSI), en relaci\u00f3n con el Reglamento (UE) 2016\/679 del Parlamento Europeo y del Consejo, de 27 de abril de 2016, General de Protecci\u00f3n de Datos (GDPR) y la Ley Org\u00e1nica 3\/2018, de 5 de diciembre, de Protecci\u00f3n de Datos y Garant\u00eda de los Derechos Digitales (LOPDGDD), es obligado obtener el consentimiento expreso del usuario de todas las p\u00e1ginas web que usan cookies prescindibles, antes de que este navegue por ellas.<\/p>\n<h3>\u00bfQU\u00c9 SON LAS COOKIES?<\/h3>\n<p>Las cookies y otras tecnolog\u00edas similares tales como local shared objects, flash cookies o p\u00edxeles, son herramientas empleadas por los servidores Web para almacenar y recuperar informaci\u00f3n acerca de sus visitantes, as\u00ed como para ofrecer un correcto funcionamiento del sitio.<br>Mediante el uso de estos dispositivos se permite al servidor Web recordar algunos datos concernientes al usuario, como sus preferencias para la visualizaci\u00f3n de las p\u00e1ginas de ese servidor, nombre y contrase\u00f1a, productos que m\u00e1s le interesan, etc.<\/p>\n<h3>COOKIES AFECTADAS POR LA NORMATIVA Y COOKIES EXCEPTUADAS<\/h3>\n<p>Seg\u00fan la directiva de la UE, las cookies que requieren el consentimiento informado por parte del usuario son las cookies de anal\u00edtica y las de publicidad y afiliaci\u00f3n, quedando exceptuadas las de car\u00e1cter t\u00e9cnico y las necesarias para el funcionamiento del sitio web o la prestaci\u00f3n de servicios expresamente solicitados por el usuario.<\/p>\n<h3>TIPOS DE COOKIES<\/h3>\n<h4>SEG\u00daN LA FINALIDAD<\/h4>\n<ul>\n<li style=\"border:none\"><b><i>Cookies<\/i> t\u00e9cnicas y funcionales:<\/b> son aquellas que permiten al usuario la navegaci\u00f3n a trav\u00e9s de una p\u00e1gina web, plataforma o aplicaci\u00f3n y la utilizaci\u00f3n de las diferentes opciones o servicios que en ella existan.<\/li>\n<li style=\"border:none\"><b><i>Cookies<\/i> analiticas:<\/b> son aquellas que permiten al responsable de las mismas el seguimiento y an\u00e1lisis del comportamiento de los usuarios de los sitios web a los que est\u00e1n vinculadas. La informaci\u00f3n recogida mediante este tipo de cookies se utiliza en la medici\u00f3n de la actividad de los sitios web, aplicaci\u00f3n o plataforma y para la elaboraci\u00f3n de perfiles de navegaci\u00f3n de los usuarios de dichos sitios, aplicaciones y plataformas, con el fin de introducir mejoras en funci\u00f3n del an\u00e1lisis de los datos de uso que hacen los usuarios del servicio. Cookies publicitarias: son aquellas que permiten la gesti\u00f3n, de la forma m\u00e1s eficaz posible, de los espacios publicitarios que, en su caso, el editor haya incluido en una p\u00e1gina web, aplicaci\u00f3n o plataforma desde la que presta el servicio solicitado en base a criterios como el contenido editado o la frecuencia en la que se muestran los anuncios.<\/li>\n<li style=\"border:none\"><b><i>Cookies<\/i> de publicidad comportamental:<\/b> : recogen informaci\u00f3n sobre las preferencias y elecciones personales del usuario (retargeting) para permitir la gesti\u00f3n, de la forma m\u00e1s eficaz posible, de los espacios publicitarios que, en su caso, el editor haya incluido en una p\u00e1gina web, aplicaci\u00f3n o plataforma desde la que presta el servicio solicitado.<\/li>\n<li style=\"border:none\"><b><i>Cookies<\/i> sociales:<\/b> son establecidas por las plataformas de redes sociales en los servicios para permitirle compartir contenido con sus amigos y redes. Las plataformas de medios sociales tienen la capacidad de rastrear su actividad en l\u00ednea fuera de los Servicios. Esto puede afectar al contenido y los mensajes que ve en otros servicios que visita.<\/li>\n<li style=\"border:none\"><b><i>Cookies<\/i> de afiliados:<\/b> permiten hacer un seguimiento de las visitas procedentes de otras webs, con las que el sitio web establece un contrato de afiliaci\u00f3n (empresas de afiliaci\u00f3n).<\/li>\n<li style=\"border:none\"><b><i>Cookies<\/i> de seguridad:<\/b> almacenan informaci\u00f3n cifrada para evitar que los datos guardados en ellas sean vulnerables a ataques maliciosos de terceros.<\/li>\n<\/ul>\n<h4><br><\/h4><h4>SEG\u00daN LA PROPIEDAD<\/h4>\n<ul>\n<li style=\"border:none\"><b><i>Cookies<\/i> propias:<\/b> son aquellas que se env\u00edan al equipo terminal del usuario desde un equipo o dominio gestionado por el propio editor y desde el que se presta el servicio solicitado por el usuario.<\/li>\n<li style=\"border:none\"><b><i>Cookies<\/i> de terceros:<\/b> son aquellas que se env\u00edan al equipo terminal del usuario desde un equipo o dominio que no es gestionado por el editor, sino por otra entidad que trata los datos obtenidos trav\u00e9s de las cookies<\/li>\n<\/ul>\n<h4><br><\/h4><h4>SEG\u00daN EL PLAZO DE CONSERVACI\u00d3N<\/h4>\n<ul>\n<li style=\"border:none\">\n<\/li><li style=\"border:none\"><b><i>Cookies<\/i> de sessi\u00f3n:<\/b> son un tipo de cookies dise\u00f1adas para recabar y almacenar datos mientras el usuario accede a una p\u00e1gina web.<\/li>\n<li style=\"border:none\"><b><i>Cookies<\/i> persistentes:<\/b> son un tipo de cookies en el que los datos siguen almacenados en el<br>terminal y pueden ser accedidos y tratados durante un per\u00edodo definido por el responsable de la cookie, y que puede ir de unos minutos a varios a\u00f1os.<\/li>\n<\/ul>\n<h3>TRATAMIENTO DE DATOS PERSONALES<\/h3>\n<p>ATLAS GESTI\u00d3N MEDIOAMBIENTAL, S.A. es el <b> Responsable del tratamiento<\/b> de los datos personales del <b>Interesado<\/b> y le informa de que estos datos ser\u00e1n tratados de conformidad con lo dispuesto en el Reglamento (UE) 2016\/679, de 27 de abril de 2016 (GDPR), por lo que se le facilita la siguiente informaci\u00f3n del tratamiento:<br><b>Fines del tratamiento:<\/b> seg\u00fan se especifica en el apartado de cookies que se utilizan en este sitio web.<br><b>Legitimaci\u00f3n del tratamiento:<\/b> salvo en los casos en los que resulte necesario para la navegaci\u00f3n por la web, por consentimiento del interesado (art. 6.1 GDPR).<br><b>Criterios de conservaci\u00f3n de los datos:<\/b> seg\u00fan se especifica en el apartado de cookies utilizadas en la web.<br><b>Comunicaci\u00f3n de los datos:<\/b> no se comunicar\u00e1n los datos a terceros, excepto en cookies propiedad de terceros o por obligaci\u00f3n legal.<br><b>Derechos que asisten al Interesado:<\/b><br>&#8211; Derecho a retirar el consentimiento en cualquier momento<br>Derecho de acceso, rectificaci\u00f3n, portabilidad y supresi\u00f3n de sus datos, y de limitaci\u00f3n u oposici\u00f3n a su tratamiento.<br>&#8211; Derecho a presentar una reclamaci\u00f3n ante la Autoridad de control (www.aepd.es) si considera que el tratamiento no se ajusta a la normativa vigente.<br><b>Datos de contacto para ejercer sus derechos:<\/b><br>ATLAS GESTI\u00d3N MEDIOAMBIENTAL, S.A.. Avinguda Barcelona, 109 &#8211; 08970 Sant Joan Desp\u00ed (Barcelona). E-mail: protecciodedades@atlasgm.com<\/p>\n<h2>COOKIES UTILIZADAS EN ESTE SITIO WEB<\/h2>\n<h3>COOKIES CONTROLADAS POR EL EDITOR<\/h3>\n<h4>T\u00e9cnicas y funcionales<\/h4>\n<table>\n<thead>\n<tr>\n<td width=\"19%\">Propiedad<\/td>\n<td width=\"17%\">Cookie<\/td>\n<td>Finalidad<\/td>\n<td width=\"15%\">Plazo<\/td>\n<\/tr>\n<\/thead>\n<tbody>\n<tr>\n<td>atlasgm.com<\/td>\n<td>cli_user_preference<\/td>\n<td>Cookie necesaria para la utilizaci\u00f3n de las opciones y servicios del sitio web<\/td>\n<td>en un a\u00f1o<\/td>\n<\/tr>\n<tr>\n<td>atlasgm.com<\/td>\n<td>CookieLawInfoConsent<\/td>\n<td>Cookie necesaria para la utilizaci\u00f3n de las opciones y servicios del sitio web <\/td>\n<td>en un a\u00f1o<\/td>\n<\/tr>\n<tr>\n<td><\/td>\n<td>viewed_cookie_policy<\/td>\n<td>Se utiliza para recordar sus preferencias en cuanto a la Pol\u00edtica de Cookies establecida<\/td>\n<td>en un a\u00f1o<\/td>\n<\/tr>\n<tr>\n<td>google.com<\/td>\n<td>__Secure-ENID<\/td>\n<td>Cookie necesaria para la utilizaci\u00f3n de las opciones y servicios del sitio web<\/td>\n<td>en 10 meses<\/td>\n<\/tr>\n<tr>\n<td>google.com<\/td>\n<td>_GRECAPTCHA<\/td>\n<td>Cookie necesaria para la utilizaci\u00f3n de las opciones y servicios del sitio web <\/td>\n<td>en 6 meses<\/td>\n<\/tr>\n<tr>\n<td>google.com<\/td>\n<td>AEC<\/td>\n<td>Cookie necesaria para la utilizaci\u00f3n de las opciones y servicios del sitio web<\/td>\n<td>en 2 meses<\/td>\n<\/tr>\n<tr>\n<td>Google<\/td>\n<td>CONSENT<\/td>\n<td>Rastreador de consentimiento de cookies de Google<\/td>\n<td>en 6 meses<\/td>\n<\/tr>\n<tr>\n<td>google.com<\/td>\n<td>SOCS<\/td>\n<td>Cookie necesaria para la utilizaci\u00f3n de las opciones y servicios del sitio web<\/td>\n<td>en 6 meses<\/td>\n<\/tr>\n<\/tbody>\n<\/table>\n<h4>Publicitarias<\/h4>\n<table>\n<thead>\n<tr>\n<td width=\"19%\">Propiedad<\/td>\n<td width=\"17%\">Cookie<\/td>\n<td>Finalidad<\/td>\n<td width=\"15%\">Plazo<\/td>\n<\/tr>\n<\/thead>\n<tbody>\n<tr>\n<td>Google<\/td>\n<td>OTZ<\/td>\n<td>An\u00e1lisis agregado de los visitantes del sitio<\/td>\n<td>en 21 dias<\/td>\n<\/tr>\n<\/tbody>\n<\/table>\n<h3>COOKIES DE TERCEROS<\/h3>\n<p>Los servicios de terceros son ajenos al control del editor. Los proveedores pueden modificar en todo momento sus condiciones de servicio, finalidad y utilizaci\u00f3n de las cookies, etc.<br><b>Proveedores externos de este sitio web:<\/b><\/p>\n<table>\n<thead>\n<tr>\n<td width=\"20%\">Editor<\/td>\n<td width=\"80%\">Pol\u00edtica de privacidad<\/td>\n<\/tr>\n<\/thead>\n<tbody>\n<tr>\n<td>Google<\/td>\n<td>https:\/\/privacy.google.com\/take-control.html<\/td>\n<\/tr>\n<\/tbody>\n<\/table>\n<h3>PANEL DE CONFIGURACI\u00d3N DE COOKIES<\/h3>\n<p>Desde este panel podr\u00e1 configurar las cookies que el sitio web puede instalar en su navegador, excepto las cookies t\u00e9cnicas o funcionales que son necesarias para la navegaci\u00f3n y la utilizaci\u00f3n de las diferentes opciones o servicios que se ofrecen.<br>Panel de cookies<\/p>\n<h4>C\u00d3MO GESTIONAR LAS COOKIES DESDE EL NAVEGADOR<\/h4>\n<table>\n<tbody>\n<tr>\n<td width=\"30%\"><strong>Eliminar las cookies del dispositivo<\/strong><\/td>\n<td width=\"70%\">Las cookies que ya est\u00e1n en un dispositivo se pueden eliminar borrando el historial del navegador, con lo que se suprimen las cookies de todos los sitios web visitados. Sin embargo, tambi\u00e9n se puede perder parte de la informaci\u00f3n guardada (por ejemplo, los datos de inicio de sesi\u00f3n o las preferencias de sitio web).<\/td>\n<\/tr>\n<tr>\n<td width=\"30%\"><strong>Gestionar las cookies espec\u00edficas del sitio<\/strong><\/td>\n<td width=\"70%\">Para tener un control m\u00e1s preciso de las cookies espec\u00edficas de cada sitio, los usuarios pueden ajustar su configuraci\u00f3n de privacidad y cookies en el navegador.<\/td>\n<\/tr>\n<tr>\n<td width=\"30%\"><strong>Bloquear las cookies<\/strong><\/td>\n<td width=\"70%\">Aunque la mayor\u00eda de los navegadores modernos se pueden configurar para evitar que se instalen cookies en los dispositivos, eso puede obligar al ajuste manual de determinadas preferencias cada vez que se visite un sitio o p\u00e1gina. Adem\u00e1s, algunos servicios y caracter\u00edsticas pueden no funcionar correctamente (por ejemplo, los inicios de sesi\u00f3n con perfil).\n<\/td>\n<\/tr>\n<\/tbody>\n<\/table>\n<h4>C\u00d3MO ELIMINAR LAS COOKIES DE LOS NAVEGADORES M\u00c1S COMUNES<\/h4>\n<table>\n<tbody>\n<tr>\n<td width=\"30%\"><strong>Chrome<\/strong><\/td>\n<td width=\"70%\"><a href=\"http:\/\/support.google.com\/chrome\/answer\/95647?hl=es\" target=\"_blank\">http:\/\/support.google.com\/chrome\/answer\/95647?hl=es<\/a><\/td>\n<\/tr>\n<tr>\n<td width=\"30%\"><strong>Edge<\/strong><\/td>\n<td width=\"70%\"><a href=\"https:\/\/support.microsoft.com\/es-es\/microsoft-edge\/eliminar-las-cookies-en-microsoft-edge-63947406-40ac-c3b8-57b9-2a946a29ae09\" target=\"_blank\">https:\/\/support.microsoft.com\/es-es\/microsoft-edge\/eliminar-las-cookies-en-microsoft-edge-63947406-40ac-c3b8-57b9-2a946a29ae09<\/a><\/td>\n<\/tr>\n<tr>\n<td width=\"30%\"><strong>Explorer<\/strong><\/td>\n<td width=\"70%\"><a href=\"https:\/\/support.microsoft.com\/es-es\/help\/278835\/how-to-delete-cookie-files-in-internet-explorer\" target=\"_blank\">https:\/\/support.microsoft.com\/es-es\/help\/278835\/how-to-delete-cookie-files-in-internet-explorer<\/a><\/td>\n<\/tr>\n<tr>\n<td width=\"30%\"><strong>Firefox<\/strong><\/td>\n<td width=\"70%\"><a href=\"https:\/\/www.mozilla.org\/es-ES\/privacy\/websites\/#cookies\" target=\"_blank\">https:\/\/www.mozilla.org\/es-ES\/privacy\/websites\/#cookies<\/a><\/td>\n<\/tr>\n<tr>\n<td width=\"30%\"><strong>Safari<\/strong><\/td>\n<td width=\"70%\"><a href=\"https:\/\/support.apple.com\/es-es\/guide\/safari\/sfri11471\/mac\" target=\"_blank\">https:\/\/support.apple.com\/es-es\/guide\/safari\/sfri11471\/mac<\/a><\/td>\n<\/tr>\n<tr>\n<td width=\"30%\"><strong>Opera<\/strong><\/td>\n<td width=\"70%\"><a href=\"https:\/\/help.opera.com\/en\/latest\/security-and-privacy\/#clearBrowsingData\" target=\"_blank\">https:\/\/help.opera.com\/en\/latest\/security-and-privacy\/#clearBrowsingData<\/a><\/td>\n<\/tr>\n<\/tbody>\n<\/table>\t\t\t\t\t\t\t\t<\/div>\n\t\t\t\t<\/div>\n\t\t\t\t\t<\/div>\n\t\t<\/div>\n\t\t\t\t\t<\/div>\n\t\t<\/section>\n\t\t\t\t<\/div>\n\t\t","protected":false},"excerpt":{"rendered":"<p>INFORMACI\u00d3N SOBRE COOKIES Conforme con la Ley 34\/2002, de 11 de julio, de servicios de la sociedad de la informaci\u00f3n y de comercio electr\u00f3nico (LSSI), en relaci\u00f3n con el Reglamento (UE) 2016\/679 del Parlamento Europeo y del Consejo, de 27 de abril de 2016, General de Protecci\u00f3n de Datos (GDPR) y la Ley Org\u00e1nica 3\/2018, [&hellip;]<\/p>\n","protected":false},"author":3,"featured_media":0,"parent":0,"menu_order":42,"comment_status":"closed","ping_status":"closed","template":"elementor_header_footer","meta":{"footnotes":""},"class_list":["post-8440","page","type-page","status-publish","hentry"],"yoast_head":"<!-- This site is optimized with the Yoast SEO plugin v27.3 - https:\/\/yoast.com\/product\/yoast-seo-wordpress\/ -->\n<title>Pol\u00edtica de cookies | ATLAS Gesti\u00f3 Mediambiental<\/title>\n<meta name=\"description\" content=\"INFORMACI\u00d3N SOBRE COOKIES Conforme con la Ley 34\/2002, de 11 de julio, de servicios de la sociedad de la informaci\u00f3n y de comercio electr\u00f3nico (LSSI), en\" \/>\n<meta name=\"robots\" content=\"noindex, nofollow\" \/>\n<meta property=\"og:locale\" content=\"es_ES\" \/>\n<meta property=\"og:type\" content=\"article\" \/>\n<meta property=\"og:title\" content=\"Pol\u00edtica de cookies | ATLAS Gesti\u00f3 Mediambiental\" \/>\n<meta property=\"og:description\" content=\"INFORMACI\u00d3N SOBRE COOKIES Conforme con la Ley 34\/2002, de 11 de julio, de servicios de la sociedad de la informaci\u00f3n y de comercio electr\u00f3nico (LSSI), en\" \/>\n<meta property=\"og:url\" content=\"https:\/\/atlasgm.com\/es\/politica-de-cookies\/\" \/>\n<meta property=\"og:site_name\" content=\"ATLAS Gesti\u00f3 Mediambiental\" \/>\n<meta property=\"article:modified_time\" content=\"2024-01-17T14:45:07+00:00\" \/>\n<meta name=\"twitter:card\" content=\"summary_large_image\" \/>\n<meta name=\"twitter:label1\" content=\"Tiempo de lectura\" \/>\n\t<meta name=\"twitter:data1\" content=\"8 minutos\" \/>\n<script type=\"application\/ld+json\" class=\"yoast-schema-graph\">{\"@context\":\"https:\\\/\\\/schema.org\",\"@graph\":[{\"@type\":\"WebPage\",\"@id\":\"https:\\\/\\\/atlasgm.com\\\/es\\\/politica-de-cookies\\\/\",\"url\":\"https:\\\/\\\/atlasgm.com\\\/es\\\/politica-de-cookies\\\/\",\"name\":\"Pol\u00edtica de cookies | ATLAS Gesti\u00f3 Mediambiental\",\"isPartOf\":{\"@id\":\"https:\\\/\\\/atlasgm.com\\\/es\\\/#website\"},\"datePublished\":\"2024-01-17T14:45:06+00:00\",\"dateModified\":\"2024-01-17T14:45:07+00:00\",\"description\":\"INFORMACI\u00d3N SOBRE COOKIES Conforme con la Ley 34\\\/2002, de 11 de julio, de servicios de la sociedad de la informaci\u00f3n y de comercio electr\u00f3nico (LSSI), en\",\"inLanguage\":\"es\",\"potentialAction\":[{\"@type\":\"ReadAction\",\"target\":[\"https:\\\/\\\/atlasgm.com\\\/es\\\/politica-de-cookies\\\/\"]}]},{\"@type\":\"WebSite\",\"@id\":\"https:\\\/\\\/atlasgm.com\\\/es\\\/#website\",\"url\":\"https:\\\/\\\/atlasgm.com\\\/es\\\/\",\"name\":\"ATLAS Gesti\u00f3 Mediambiental\",\"description\":\"Dip\u00f2sit controlat de residus industrials perillosos\",\"publisher\":{\"@id\":\"https:\\\/\\\/atlasgm.com\\\/es\\\/#organization\"},\"potentialAction\":[{\"@type\":\"SearchAction\",\"target\":{\"@type\":\"EntryPoint\",\"urlTemplate\":\"https:\\\/\\\/atlasgm.com\\\/es\\\/?s={search_term_string}\"},\"query-input\":{\"@type\":\"PropertyValueSpecification\",\"valueRequired\":true,\"valueName\":\"search_term_string\"}}],\"inLanguage\":\"es\"},{\"@type\":\"Organization\",\"@id\":\"https:\\\/\\\/atlasgm.com\\\/es\\\/#organization\",\"name\":\"ATLAS Gesti\u00f3 Mediambiental\",\"url\":\"https:\\\/\\\/atlasgm.com\\\/es\\\/\",\"logo\":{\"@type\":\"ImageObject\",\"inLanguage\":\"es\",\"@id\":\"https:\\\/\\\/atlasgm.com\\\/es\\\/#\\\/schema\\\/logo\\\/image\\\/\",\"url\":\"https:\\\/\\\/atlasgm.com\\\/wp-content\\\/uploads\\\/atlas-logo.jpg\",\"contentUrl\":\"https:\\\/\\\/atlasgm.com\\\/wp-content\\\/uploads\\\/atlas-logo.jpg\",\"width\":394,\"height\":236,\"caption\":\"ATLAS Gesti\u00f3 Mediambiental\"},\"image\":{\"@id\":\"https:\\\/\\\/atlasgm.com\\\/es\\\/#\\\/schema\\\/logo\\\/image\\\/\"}}]}<\/script>\n<!-- \/ Yoast SEO plugin. -->","yoast_head_json":{"title":"Pol\u00edtica de cookies | ATLAS Gesti\u00f3 Mediambiental","description":"INFORMACI\u00d3N SOBRE COOKIES Conforme con la Ley 34\/2002, de 11 de julio, de servicios de la sociedad de la informaci\u00f3n y de comercio electr\u00f3nico (LSSI), en","robots":{"index":"noindex","follow":"nofollow"},"og_locale":"es_ES","og_type":"article","og_title":"Pol\u00edtica de cookies | ATLAS Gesti\u00f3 Mediambiental","og_description":"INFORMACI\u00d3N SOBRE COOKIES Conforme con la Ley 34\/2002, de 11 de julio, de servicios de la sociedad de la informaci\u00f3n y de comercio electr\u00f3nico (LSSI), en","og_url":"https:\/\/atlasgm.com\/es\/politica-de-cookies\/","og_site_name":"ATLAS Gesti\u00f3 Mediambiental","article_modified_time":"2024-01-17T14:45:07+00:00","twitter_card":"summary_large_image","twitter_misc":{"Tiempo de lectura":"8 minutos"},"schema":{"@context":"https:\/\/schema.org","@graph":[{"@type":"WebPage","@id":"https:\/\/atlasgm.com\/es\/politica-de-cookies\/","url":"https:\/\/atlasgm.com\/es\/politica-de-cookies\/","name":"Pol\u00edtica de cookies | ATLAS Gesti\u00f3 Mediambiental","isPartOf":{"@id":"https:\/\/atlasgm.com\/es\/#website"},"datePublished":"2024-01-17T14:45:06+00:00","dateModified":"2024-01-17T14:45:07+00:00","description":"INFORMACI\u00d3N SOBRE COOKIES Conforme con la Ley 34\/2002, de 11 de julio, de servicios de la sociedad de la informaci\u00f3n y de comercio electr\u00f3nico (LSSI), en","inLanguage":"es","potentialAction":[{"@type":"ReadAction","target":["https:\/\/atlasgm.com\/es\/politica-de-cookies\/"]}]},{"@type":"WebSite","@id":"https:\/\/atlasgm.com\/es\/#website","url":"https:\/\/atlasgm.com\/es\/","name":"ATLAS Gesti\u00f3 Mediambiental","description":"Dip\u00f2sit controlat de residus industrials perillosos","publisher":{"@id":"https:\/\/atlasgm.com\/es\/#organization"},"potentialAction":[{"@type":"SearchAction","target":{"@type":"EntryPoint","urlTemplate":"https:\/\/atlasgm.com\/es\/?s={search_term_string}"},"query-input":{"@type":"PropertyValueSpecification","valueRequired":true,"valueName":"search_term_string"}}],"inLanguage":"es"},{"@type":"Organization","@id":"https:\/\/atlasgm.com\/es\/#organization","name":"ATLAS Gesti\u00f3 Mediambiental","url":"https:\/\/atlasgm.com\/es\/","logo":{"@type":"ImageObject","inLanguage":"es","@id":"https:\/\/atlasgm.com\/es\/#\/schema\/logo\/image\/","url":"https:\/\/atlasgm.com\/wp-content\/uploads\/atlas-logo.jpg","contentUrl":"https:\/\/atlasgm.com\/wp-content\/uploads\/atlas-logo.jpg","width":394,"height":236,"caption":"ATLAS Gesti\u00f3 Mediambiental"},"image":{"@id":"https:\/\/atlasgm.com\/es\/#\/schema\/logo\/image\/"}}]}},"_links":{"self":[{"href":"https:\/\/atlasgm.com\/es\/wp-json\/wp\/v2\/pages\/8440","targetHints":{"allow":["GET"]}}],"collection":[{"href":"https:\/\/atlasgm.com\/es\/wp-json\/wp\/v2\/pages"}],"about":[{"href":"https:\/\/atlasgm.com\/es\/wp-json\/wp\/v2\/types\/page"}],"author":[{"embeddable":true,"href":"https:\/\/atlasgm.com\/es\/wp-json\/wp\/v2\/users\/3"}],"replies":[{"embeddable":true,"href":"https:\/\/atlasgm.com\/es\/wp-json\/wp\/v2\/comments?post=8440"}],"version-history":[{"count":1,"href":"https:\/\/atlasgm.com\/es\/wp-json\/wp\/v2\/pages\/8440\/revisions"}],"predecessor-version":[{"id":8442,"href":"https:\/\/atlasgm.com\/es\/wp-json\/wp\/v2\/pages\/8440\/revisions\/8442"}],"wp:attachment":[{"href":"https:\/\/atlasgm.com\/es\/wp-json\/wp\/v2\/media?parent=8440"}],"curies":[{"name":"wp","href":"https:\/\/api.w.org\/{rel}","templated":true}]}}