{"id":5938,"date":"2022-07-06T14:06:23","date_gmt":"2022-07-06T12:06:23","guid":{"rendered":"https:\/\/atlasgm.com\/protocol-recepcio-residus\/"},"modified":"2023-03-03T14:27:15","modified_gmt":"2023-03-03T13:27:15","slug":"protocol-recepcio-residus","status":"publish","type":"page","link":"https:\/\/atlasgm.com\/es\/protocol-recepcio-residus\/","title":{"rendered":"Protocolo recepci\u00f3n residuos"},"content":{"rendered":"\t\t<div data-elementor-type=\"wp-page\" data-elementor-id=\"5938\" class=\"elementor elementor-5938 elementor-4276\" data-elementor-post-type=\"page\">\n\t\t\t\t\t\t<section class=\"elementor-section elementor-top-section elementor-element elementor-element-0f825bc v-showcase elementor-section-boxed elementor-section-height-default elementor-section-height-default\" data-id=\"0f825bc\" data-element_type=\"section\" data-e-type=\"section\">\n\t\t\t\t\t\t\t<div class=\"elementor-background-overlay\"><\/div>\n\t\t\t\t\t\t\t<div class=\"elementor-container elementor-column-gap-default\">\n\t\t\t\t\t<div class=\"elementor-column elementor-col-100 elementor-top-column elementor-element elementor-element-dd2327a\" data-id=\"dd2327a\" data-element_type=\"column\" data-e-type=\"column\">\n\t\t\t<div class=\"elementor-widget-wrap\">\n\t\t\t\t\t\t\t<\/div>\n\t\t<\/div>\n\t\t\t\t\t<\/div>\n\t\t<\/section>\n\t\t\t\t<section class=\"elementor-section elementor-top-section elementor-element elementor-element-f9af007 elementor-section-boxed elementor-section-height-default elementor-section-height-default\" data-id=\"f9af007\" data-element_type=\"section\" data-e-type=\"section\">\n\t\t\t\t\t\t<div class=\"elementor-container elementor-column-gap-default\">\n\t\t\t\t\t<div class=\"elementor-column elementor-col-100 elementor-top-column elementor-element elementor-element-352a85a\" data-id=\"352a85a\" data-element_type=\"column\" data-e-type=\"column\">\n\t\t\t<div class=\"elementor-widget-wrap elementor-element-populated\">\n\t\t\t\t\t\t<div class=\"elementor-element elementor-element-939024b v-bread-section elementor-widget elementor-widget-heading\" data-id=\"939024b\" data-element_type=\"widget\" data-e-type=\"widget\" data-widget_type=\"heading.default\">\n\t\t\t\t<div class=\"elementor-widget-container\">\n\t\t\t\t\t<h2 class=\"elementor-heading-title elementor-size-default\">Residuos admisibles<\/h2>\t\t\t\t<\/div>\n\t\t\t\t<\/div>\n\t\t\t\t<div class=\"elementor-element elementor-element-cb2dfad elementor-widget elementor-widget-heading\" data-id=\"cb2dfad\" data-element_type=\"widget\" data-e-type=\"widget\" data-widget_type=\"heading.default\">\n\t\t\t\t<div class=\"elementor-widget-container\">\n\t\t\t\t\t<h1 class=\"elementor-heading-title elementor-size-default\">Protocolo recepci\u00f3n residuos<\/h1>\t\t\t\t<\/div>\n\t\t\t\t<\/div>\n\t\t\t\t\t<\/div>\n\t\t<\/div>\n\t\t\t\t\t<\/div>\n\t\t<\/section>\n\t\t\t\t<section class=\"elementor-section elementor-top-section elementor-element elementor-element-02ced97 v-box-container-lg elementor-section-boxed elementor-section-height-default elementor-section-height-default\" data-id=\"02ced97\" data-element_type=\"section\" data-e-type=\"section\">\n\t\t\t\t\t\t<div class=\"elementor-container elementor-column-gap-default\">\n\t\t\t\t\t<div class=\"elementor-column elementor-col-100 elementor-top-column elementor-element elementor-element-4d1dc7d\" data-id=\"4d1dc7d\" data-element_type=\"column\" data-e-type=\"column\">\n\t\t\t<div class=\"elementor-widget-wrap elementor-element-populated\">\n\t\t\t\t\t\t<div class=\"elementor-element elementor-element-8fda1f8 elementor-widget elementor-widget-heading\" data-id=\"8fda1f8\" data-element_type=\"widget\" data-e-type=\"widget\" data-widget_type=\"heading.default\">\n\t\t\t\t<div class=\"elementor-widget-container\">\n\t\t\t\t\t<h3 class=\"elementor-heading-title elementor-size-default\">Previo a la recepci\u00f3n<\/h3>\t\t\t\t<\/div>\n\t\t\t\t<\/div>\n\t\t\t\t<div class=\"elementor-element elementor-element-b90c4af elementor-widget elementor-widget-text-editor\" data-id=\"b90c4af\" data-element_type=\"widget\" data-e-type=\"widget\" data-widget_type=\"text-editor.default\">\n\t\t\t\t<div class=\"elementor-widget-container\">\n\t\t\t\t\t\t\t\t\t<ul><li>Toma de muestra y caracterizaci\u00f3n anal\u00edtica completa del residuo, realizada por una EAC autorizada por la Agencia de Residuos de Catalu\u00f1a, seg\u00fan normativa vigente. El departamento t\u00e9cnico de ATLAS tambi\u00e9n analiza otros par\u00e1metros del residuo para poder estudiar su compatibilidad qu\u00edmica con la de los residuos ya existentes en el dep\u00f3sito.<\/li><li>Caracterizaci\u00f3n b\u00e1sica del residuo, que consiste en recabar toda la informaci\u00f3n necesaria del residuo, con el objetivo de eliminar el residuo de forma segura a largo plazo, estableciendo par\u00e1metros cr\u00edticos bas\u00e1ndonos en la caracterizaci\u00f3n anal\u00edtica procedida.<\/li><li>Gesti\u00f3n de la Ficha de Aceptaci\u00f3n de residuos entre operador del traslado, productor y gestor, con el visto bueno de la Agencia de Residuos de Catalu\u00f1a.<\/li><li>Contrato de tratamiento de residuos de acuerdo al Decreto 180\/2015.<\/li><li>Supervisi\u00f3n de las pruebas de conformidad de residuos para los par\u00e1metros cr\u00edticos establecidos en la caracterizaci\u00f3n b\u00e1sica.<\/li><li>Gesti\u00f3n documental de la Hoja de Seguimiento, en el momento de la expedici\u00f3n del residuo.<\/li><\/ul><p>Una vez analizado, identificado y aceptado el residuo por parte de ATLAS, se pueden realizar los env\u00edos de residuos con los transportistas autorizados adecuados. En caso de que se detectaran diferencias de naturaleza qu\u00edmica o f\u00edsica en la recepci\u00f3n del residuo respecto a la caracterizaci\u00f3n anal\u00edtica inicial o en el caso de recibir el residuo sin la documentaci\u00f3n exigida, este ser\u00e1 objeto de devoluci\u00f3n al productor.<\/p>\t\t\t\t\t\t\t\t<\/div>\n\t\t\t\t<\/div>\n\t\t\t\t\t<\/div>\n\t\t<\/div>\n\t\t\t\t\t<\/div>\n\t\t<\/section>\n\t\t\t\t<section class=\"elementor-section elementor-top-section elementor-element elementor-element-7ef00d0 v-box-container-lg elementor-section-boxed elementor-section-height-default elementor-section-height-default\" data-id=\"7ef00d0\" data-element_type=\"section\" data-e-type=\"section\">\n\t\t\t\t\t\t<div class=\"elementor-container elementor-column-gap-default\">\n\t\t\t\t\t<div class=\"elementor-column elementor-col-100 elementor-top-column elementor-element elementor-element-937f675\" data-id=\"937f675\" data-element_type=\"column\" data-e-type=\"column\">\n\t\t\t<div class=\"elementor-widget-wrap elementor-element-populated\">\n\t\t\t\t\t\t<div class=\"elementor-element elementor-element-1867d3e elementor-widget elementor-widget-heading\" data-id=\"1867d3e\" data-element_type=\"widget\" data-e-type=\"widget\" data-widget_type=\"heading.default\">\n\t\t\t\t<div class=\"elementor-widget-container\">\n\t\t\t\t\t<h3 class=\"elementor-heading-title elementor-size-default\">A la recepci\u00f3n<\/h3>\t\t\t\t<\/div>\n\t\t\t\t<\/div>\n\t\t\t\t<div class=\"elementor-element elementor-element-3c7de16 elementor-widget elementor-widget-text-editor\" data-id=\"3c7de16\" data-element_type=\"widget\" data-e-type=\"widget\" data-widget_type=\"text-editor.default\">\n\t\t\t\t<div class=\"elementor-widget-container\">\n\t\t\t\t\t\t\t\t\t<ul>\n<li>Recepci\u00f3n del veh\u00edculo en la oficina de control.<\/li>\n<li>Comprobaci\u00f3n de la documentaci\u00f3n (Hoja de Seguimiento de residuos) entregada por el transportista autorizado.<\/li>\n<li>Toma de muestras por confirmar que el residuo recibido se corresponde con el analizado previamente a la caracterizaci\u00f3n anal\u00edtica oficial.<\/li>\n<li>Realizaci\u00f3n de la pesada.<\/li>\n<li>El sistema inform\u00e1tico interno de la instalaci\u00f3n genera un albar\u00e1n con los datos del residuo, productor, transportista y veh\u00edculo autorizado que realiza el transporte, as\u00ed como el peso de la carga y las posibles incidencias.<\/li>\n<li>El responsable de la oficina de control entregar\u00e1 las normas b\u00e1sicas de seguridad y le conducir\u00e1 hasta el punto de descarga para proceder a la misma y el confinamiento del residuo.<\/li>\n<li>Todos los residuos son identificados con coordenadas, por lo que se encuentran localizados dentro del vaso de descarga, para su localizaci\u00f3n en caso de detectar cualquier anomal\u00eda.<\/li>\n<li>La cubrici\u00f3n del residuo es diaria para evitar olores, la generaci\u00f3n de lixiviados y minimizando el impacto visual.<\/li>\n<\/ul>\n<p>Una vez ejecutada la disposici\u00f3n del residuo, se controla de forma sistem\u00e1tica como el resto de residuos existentes en el dep\u00f3sito, tal y como establece el manual de explotaci\u00f3n del centro y la autorizaci\u00f3n ambiental.<\/p>\t\t\t\t\t\t\t\t<\/div>\n\t\t\t\t<\/div>\n\t\t\t\t\t<\/div>\n\t\t<\/div>\n\t\t\t\t\t<\/div>\n\t\t<\/section>\n\t\t\t\t<\/div>\n\t\t","protected":false},"excerpt":{"rendered":"<p>Residuos admisibles Previo a la recepci\u00f3n Toma de muestra y caracterizaci\u00f3n anal\u00edtica completa del residuo, realizada por una EAC autorizada por la Agencia de Residuos de Catalu\u00f1a, seg\u00fan normativa vigente. El departamento t\u00e9cnico de ATLAS tambi\u00e9n analiza otros par\u00e1metros del residuo para poder estudiar su compatibilidad qu\u00edmica con la de los residuos ya existentes en [&hellip;]<\/p>\n","protected":false},"author":1,"featured_media":5763,"parent":0,"menu_order":20,"comment_status":"closed","ping_status":"closed","template":"","meta":{"footnotes":""},"class_list":["post-5938","page","type-page","status-publish","has-post-thumbnail","hentry"],"yoast_head":"<!-- This site is optimized with the Yoast SEO plugin v27.3 - https:\/\/yoast.com\/product\/yoast-seo-wordpress\/ -->\n<title>Protocolo recepci\u00f3n residuos | ATLAS Gesti\u00f3 Mediambiental<\/title>\n<meta name=\"description\" content=\"Residuos admisibles Previo a la recepci\u00f3n Toma de muestra y caracterizaci\u00f3n anal\u00edtica completa del residuo, realizada por una EAC autorizada por la\" \/>\n<meta name=\"robots\" content=\"index, follow, max-snippet:-1, max-image-preview:large, max-video-preview:-1\" \/>\n<link rel=\"canonical\" href=\"https:\/\/atlasgm.com\/es\/protocol-recepcio-residus\/\" \/>\n<meta property=\"og:locale\" content=\"es_ES\" \/>\n<meta property=\"og:type\" content=\"article\" \/>\n<meta property=\"og:title\" content=\"Protocolo recepci\u00f3n residuos | ATLAS Gesti\u00f3 Mediambiental\" \/>\n<meta property=\"og:description\" content=\"Residuos admisibles Previo a la recepci\u00f3n Toma de muestra y caracterizaci\u00f3n anal\u00edtica completa del residuo, realizada por una EAC autorizada por la\" \/>\n<meta property=\"og:url\" content=\"https:\/\/atlasgm.com\/es\/protocol-recepcio-residus\/\" \/>\n<meta property=\"og:site_name\" content=\"ATLAS Gesti\u00f3 Mediambiental\" \/>\n<meta property=\"article:modified_time\" content=\"2023-03-03T13:27:15+00:00\" \/>\n<meta property=\"og:image\" content=\"https:\/\/atlasgm.com\/wp-content\/uploads\/atlasgm-gestio-mediambiental-1024x680.jpg\" \/>\n\t<meta property=\"og:image:width\" content=\"1024\" \/>\n\t<meta property=\"og:image:height\" content=\"680\" \/>\n\t<meta property=\"og:image:type\" content=\"image\/jpeg\" \/>\n<meta name=\"twitter:card\" content=\"summary_large_image\" \/>\n<meta name=\"twitter:label1\" content=\"Tiempo de lectura\" \/>\n\t<meta name=\"twitter:data1\" content=\"2 minutos\" \/>\n<script type=\"application\/ld+json\" class=\"yoast-schema-graph\">{\"@context\":\"https:\\\/\\\/schema.org\",\"@graph\":[{\"@type\":\"WebPage\",\"@id\":\"https:\\\/\\\/atlasgm.com\\\/es\\\/protocol-recepcio-residus\\\/\",\"url\":\"https:\\\/\\\/atlasgm.com\\\/es\\\/protocol-recepcio-residus\\\/\",\"name\":\"Protocolo recepci\u00f3n residuos | ATLAS Gesti\u00f3 Mediambiental\",\"isPartOf\":{\"@id\":\"https:\\\/\\\/atlasgm.com\\\/es\\\/#website\"},\"primaryImageOfPage\":{\"@id\":\"https:\\\/\\\/atlasgm.com\\\/es\\\/protocol-recepcio-residus\\\/#primaryimage\"},\"image\":{\"@id\":\"https:\\\/\\\/atlasgm.com\\\/es\\\/protocol-recepcio-residus\\\/#primaryimage\"},\"thumbnailUrl\":\"https:\\\/\\\/atlasgm.com\\\/wp-content\\\/uploads\\\/atlasgm-gestio-mediambiental.jpg\",\"datePublished\":\"2022-07-06T12:06:23+00:00\",\"dateModified\":\"2023-03-03T13:27:15+00:00\",\"description\":\"Residuos admisibles Previo a la recepci\u00f3n Toma de muestra y caracterizaci\u00f3n anal\u00edtica completa del residuo, realizada por una EAC autorizada por la\",\"inLanguage\":\"es\",\"potentialAction\":[{\"@type\":\"ReadAction\",\"target\":[\"https:\\\/\\\/atlasgm.com\\\/es\\\/protocol-recepcio-residus\\\/\"]}]},{\"@type\":\"ImageObject\",\"inLanguage\":\"es\",\"@id\":\"https:\\\/\\\/atlasgm.com\\\/es\\\/protocol-recepcio-residus\\\/#primaryimage\",\"url\":\"https:\\\/\\\/atlasgm.com\\\/wp-content\\\/uploads\\\/atlasgm-gestio-mediambiental.jpg\",\"contentUrl\":\"https:\\\/\\\/atlasgm.com\\\/wp-content\\\/uploads\\\/atlasgm-gestio-mediambiental.jpg\",\"width\":2560,\"height\":1700,\"caption\":\"DCIM100MEDIADJI_0315.JPG\"},{\"@type\":\"WebSite\",\"@id\":\"https:\\\/\\\/atlasgm.com\\\/es\\\/#website\",\"url\":\"https:\\\/\\\/atlasgm.com\\\/es\\\/\",\"name\":\"ATLAS Gesti\u00f3 Mediambiental\",\"description\":\"Dip\u00f2sit controlat de residus industrials perillosos\",\"publisher\":{\"@id\":\"https:\\\/\\\/atlasgm.com\\\/es\\\/#organization\"},\"potentialAction\":[{\"@type\":\"SearchAction\",\"target\":{\"@type\":\"EntryPoint\",\"urlTemplate\":\"https:\\\/\\\/atlasgm.com\\\/es\\\/?s={search_term_string}\"},\"query-input\":{\"@type\":\"PropertyValueSpecification\",\"valueRequired\":true,\"valueName\":\"search_term_string\"}}],\"inLanguage\":\"es\"},{\"@type\":\"Organization\",\"@id\":\"https:\\\/\\\/atlasgm.com\\\/es\\\/#organization\",\"name\":\"ATLAS Gesti\u00f3 Mediambiental\",\"url\":\"https:\\\/\\\/atlasgm.com\\\/es\\\/\",\"logo\":{\"@type\":\"ImageObject\",\"inLanguage\":\"es\",\"@id\":\"https:\\\/\\\/atlasgm.com\\\/es\\\/#\\\/schema\\\/logo\\\/image\\\/\",\"url\":\"https:\\\/\\\/atlasgm.com\\\/wp-content\\\/uploads\\\/atlas-logo.jpg\",\"contentUrl\":\"https:\\\/\\\/atlasgm.com\\\/wp-content\\\/uploads\\\/atlas-logo.jpg\",\"width\":394,\"height\":236,\"caption\":\"ATLAS Gesti\u00f3 Mediambiental\"},\"image\":{\"@id\":\"https:\\\/\\\/atlasgm.com\\\/es\\\/#\\\/schema\\\/logo\\\/image\\\/\"}}]}<\/script>\n<!-- \/ Yoast SEO plugin. -->","yoast_head_json":{"title":"Protocolo recepci\u00f3n residuos | ATLAS Gesti\u00f3 Mediambiental","description":"Residuos admisibles Previo a la recepci\u00f3n Toma de muestra y caracterizaci\u00f3n anal\u00edtica completa del residuo, realizada por una EAC autorizada por la","robots":{"index":"index","follow":"follow","max-snippet":"max-snippet:-1","max-image-preview":"max-image-preview:large","max-video-preview":"max-video-preview:-1"},"canonical":"https:\/\/atlasgm.com\/es\/protocol-recepcio-residus\/","og_locale":"es_ES","og_type":"article","og_title":"Protocolo recepci\u00f3n residuos | ATLAS Gesti\u00f3 Mediambiental","og_description":"Residuos admisibles Previo a la recepci\u00f3n Toma de muestra y caracterizaci\u00f3n anal\u00edtica completa del residuo, realizada por una EAC autorizada por la","og_url":"https:\/\/atlasgm.com\/es\/protocol-recepcio-residus\/","og_site_name":"ATLAS Gesti\u00f3 Mediambiental","article_modified_time":"2023-03-03T13:27:15+00:00","og_image":[{"width":1024,"height":680,"url":"https:\/\/atlasgm.com\/wp-content\/uploads\/atlasgm-gestio-mediambiental-1024x680.jpg","type":"image\/jpeg"}],"twitter_card":"summary_large_image","twitter_misc":{"Tiempo de lectura":"2 minutos"},"schema":{"@context":"https:\/\/schema.org","@graph":[{"@type":"WebPage","@id":"https:\/\/atlasgm.com\/es\/protocol-recepcio-residus\/","url":"https:\/\/atlasgm.com\/es\/protocol-recepcio-residus\/","name":"Protocolo recepci\u00f3n residuos | ATLAS Gesti\u00f3 Mediambiental","isPartOf":{"@id":"https:\/\/atlasgm.com\/es\/#website"},"primaryImageOfPage":{"@id":"https:\/\/atlasgm.com\/es\/protocol-recepcio-residus\/#primaryimage"},"image":{"@id":"https:\/\/atlasgm.com\/es\/protocol-recepcio-residus\/#primaryimage"},"thumbnailUrl":"https:\/\/atlasgm.com\/wp-content\/uploads\/atlasgm-gestio-mediambiental.jpg","datePublished":"2022-07-06T12:06:23+00:00","dateModified":"2023-03-03T13:27:15+00:00","description":"Residuos admisibles Previo a la recepci\u00f3n Toma de muestra y caracterizaci\u00f3n anal\u00edtica completa del residuo, realizada por una EAC autorizada por la","inLanguage":"es","potentialAction":[{"@type":"ReadAction","target":["https:\/\/atlasgm.com\/es\/protocol-recepcio-residus\/"]}]},{"@type":"ImageObject","inLanguage":"es","@id":"https:\/\/atlasgm.com\/es\/protocol-recepcio-residus\/#primaryimage","url":"https:\/\/atlasgm.com\/wp-content\/uploads\/atlasgm-gestio-mediambiental.jpg","contentUrl":"https:\/\/atlasgm.com\/wp-content\/uploads\/atlasgm-gestio-mediambiental.jpg","width":2560,"height":1700,"caption":"DCIM100MEDIADJI_0315.JPG"},{"@type":"WebSite","@id":"https:\/\/atlasgm.com\/es\/#website","url":"https:\/\/atlasgm.com\/es\/","name":"ATLAS Gesti\u00f3 Mediambiental","description":"Dip\u00f2sit controlat de residus industrials perillosos","publisher":{"@id":"https:\/\/atlasgm.com\/es\/#organization"},"potentialAction":[{"@type":"SearchAction","target":{"@type":"EntryPoint","urlTemplate":"https:\/\/atlasgm.com\/es\/?s={search_term_string}"},"query-input":{"@type":"PropertyValueSpecification","valueRequired":true,"valueName":"search_term_string"}}],"inLanguage":"es"},{"@type":"Organization","@id":"https:\/\/atlasgm.com\/es\/#organization","name":"ATLAS Gesti\u00f3 Mediambiental","url":"https:\/\/atlasgm.com\/es\/","logo":{"@type":"ImageObject","inLanguage":"es","@id":"https:\/\/atlasgm.com\/es\/#\/schema\/logo\/image\/","url":"https:\/\/atlasgm.com\/wp-content\/uploads\/atlas-logo.jpg","contentUrl":"https:\/\/atlasgm.com\/wp-content\/uploads\/atlas-logo.jpg","width":394,"height":236,"caption":"ATLAS Gesti\u00f3 Mediambiental"},"image":{"@id":"https:\/\/atlasgm.com\/es\/#\/schema\/logo\/image\/"}}]}},"_links":{"self":[{"href":"https:\/\/atlasgm.com\/es\/wp-json\/wp\/v2\/pages\/5938","targetHints":{"allow":["GET"]}}],"collection":[{"href":"https:\/\/atlasgm.com\/es\/wp-json\/wp\/v2\/pages"}],"about":[{"href":"https:\/\/atlasgm.com\/es\/wp-json\/wp\/v2\/types\/page"}],"author":[{"embeddable":true,"href":"https:\/\/atlasgm.com\/es\/wp-json\/wp\/v2\/users\/1"}],"replies":[{"embeddable":true,"href":"https:\/\/atlasgm.com\/es\/wp-json\/wp\/v2\/comments?post=5938"}],"version-history":[{"count":6,"href":"https:\/\/atlasgm.com\/es\/wp-json\/wp\/v2\/pages\/5938\/revisions"}],"predecessor-version":[{"id":6701,"href":"https:\/\/atlasgm.com\/es\/wp-json\/wp\/v2\/pages\/5938\/revisions\/6701"}],"wp:featuredmedia":[{"embeddable":true,"href":"https:\/\/atlasgm.com\/es\/wp-json\/wp\/v2\/media\/5763"}],"wp:attachment":[{"href":"https:\/\/atlasgm.com\/es\/wp-json\/wp\/v2\/media?parent=5938"}],"curies":[{"name":"wp","href":"https:\/\/api.w.org\/{rel}","templated":true}]}}