{"id":5935,"date":"2022-07-06T14:09:54","date_gmt":"2022-07-06T12:09:54","guid":{"rendered":"https:\/\/atlasgm.com\/amiant-i-fibrociment\/"},"modified":"2023-03-03T14:30:11","modified_gmt":"2023-03-03T13:30:11","slug":"amiant-i-fibrociment","status":"publish","type":"page","link":"https:\/\/atlasgm.com\/es\/amiant-i-fibrociment\/","title":{"rendered":"Amianto y fibrocemento"},"content":{"rendered":"\t\t<div data-elementor-type=\"wp-page\" data-elementor-id=\"5935\" class=\"elementor elementor-5935 elementor-4284\" data-elementor-post-type=\"page\">\n\t\t\t\t\t\t<section class=\"elementor-section elementor-top-section elementor-element elementor-element-daac0f8 v-showcase elementor-section-boxed elementor-section-height-default elementor-section-height-default\" data-id=\"daac0f8\" data-element_type=\"section\" data-e-type=\"section\">\n\t\t\t\t\t\t\t<div class=\"elementor-background-overlay\"><\/div>\n\t\t\t\t\t\t\t<div class=\"elementor-container elementor-column-gap-default\">\n\t\t\t\t\t<div class=\"elementor-column elementor-col-100 elementor-top-column elementor-element elementor-element-248e717\" data-id=\"248e717\" data-element_type=\"column\" data-e-type=\"column\">\n\t\t\t<div class=\"elementor-widget-wrap\">\n\t\t\t\t\t\t\t<\/div>\n\t\t<\/div>\n\t\t\t\t\t<\/div>\n\t\t<\/section>\n\t\t\t\t<section class=\"elementor-section elementor-top-section elementor-element elementor-element-15b315b elementor-section-boxed elementor-section-height-default elementor-section-height-default\" data-id=\"15b315b\" data-element_type=\"section\" data-e-type=\"section\">\n\t\t\t\t\t\t<div class=\"elementor-container elementor-column-gap-default\">\n\t\t\t\t\t<div class=\"elementor-column elementor-col-100 elementor-top-column elementor-element elementor-element-24578db\" data-id=\"24578db\" data-element_type=\"column\" data-e-type=\"column\">\n\t\t\t<div class=\"elementor-widget-wrap elementor-element-populated\">\n\t\t\t\t\t\t<div class=\"elementor-element elementor-element-fb6deb9 v-bread-section elementor-widget elementor-widget-heading\" data-id=\"fb6deb9\" data-element_type=\"widget\" data-e-type=\"widget\" data-widget_type=\"heading.default\">\n\t\t\t\t<div class=\"elementor-widget-container\">\n\t\t\t\t\t<h2 class=\"elementor-heading-title elementor-size-default\">Residuos admisibles<\/h2>\t\t\t\t<\/div>\n\t\t\t\t<\/div>\n\t\t\t\t<div class=\"elementor-element elementor-element-cb10702 elementor-widget elementor-widget-heading\" data-id=\"cb10702\" data-element_type=\"widget\" data-e-type=\"widget\" data-widget_type=\"heading.default\">\n\t\t\t\t<div class=\"elementor-widget-container\">\n\t\t\t\t\t<h1 class=\"elementor-heading-title elementor-size-default\">Amianto y fibrocemento<\/h1>\t\t\t\t<\/div>\n\t\t\t\t<\/div>\n\t\t\t\t\t<\/div>\n\t\t<\/div>\n\t\t\t\t\t<\/div>\n\t\t<\/section>\n\t\t\t\t<section class=\"elementor-section elementor-top-section elementor-element elementor-element-80491c7 v-box-container-lg elementor-section-boxed elementor-section-height-default elementor-section-height-default\" data-id=\"80491c7\" data-element_type=\"section\" data-e-type=\"section\">\n\t\t\t\t\t\t<div class=\"elementor-container elementor-column-gap-default\">\n\t\t\t\t\t<div class=\"elementor-column elementor-col-100 elementor-top-column elementor-element elementor-element-aa6292c\" data-id=\"aa6292c\" data-element_type=\"column\" data-e-type=\"column\">\n\t\t\t<div class=\"elementor-widget-wrap elementor-element-populated\">\n\t\t\t\t\t\t<div class=\"elementor-element elementor-element-9b931f6 elementor-widget elementor-widget-heading\" data-id=\"9b931f6\" data-element_type=\"widget\" data-e-type=\"widget\" data-widget_type=\"heading.default\">\n\t\t\t\t<div class=\"elementor-widget-container\">\n\t\t\t\t\t<h3 class=\"elementor-heading-title elementor-size-default\">Gesti\u00f3n del fibrocemento<\/h3>\t\t\t\t<\/div>\n\t\t\t\t<\/div>\n\t\t\t\t<div class=\"elementor-element elementor-element-56d4d4c elementor-widget elementor-widget-text-editor\" data-id=\"56d4d4c\" data-element_type=\"widget\" data-e-type=\"widget\" data-widget_type=\"text-editor.default\">\n\t\t\t\t<div class=\"elementor-widget-container\">\n\t\t\t\t\t\t\t\t\t<p>Dada la peligrosidad del fibrocemento con amianto, <strong>debemos protegernos a la hora de tocarlo.<\/strong><\/p><p>Si para sacar el material necesitamos desmontarlo, no lo haremos nosotros, sino que habr\u00e1 que contratar los servicios de una empresa especializada que se encargue. Estas empresas deben estar inscritas en el Registro de Expresas con Riesgo de Amianto (RERA), del Departamento de Trabajo de la Generalitat de Catalu\u00f1a.<\/p><p>En cambio, si se trata de una pieza peque\u00f1a que podemos transportar hasta el punto limpio, hay que tomar las siguientes precauciones:<\/p><ol><li>No romper, cortar ni agujerear nunca el material (si se rompe se liberan fibras, incrementando el riesgo de inhalarlas).<\/li><li>Evitar manipular el material en presencia de otras personas, para reducir el peligro de exposici\u00f3n a terceros.<\/li><li>Utilizar guantes y mascarilla desechables, y tirarlo todo cuando hayamos terminado el trabajo. La mascarilla se puede recoger en el mismo punto limpio.<\/li><li>Mojar el material para evitar que se desprendan fibras, reduciendo as\u00ed el riesgo de inhalarlas.<\/li><li>Envolver el residuo con film transparente o con bolsas. El punto limpio suministra film para este fin.<\/li><li>Lavar la ropa que hayamos empleado sin sacudirla ni mezclarla con otra, para reducir el riesgo de traslado de las fibras que se adhieren.<\/li><li>No limpiar la zona afectada con escobas ni aire para evitar que las fibras se dispersen en el aire. Emplear un trapeador h\u00famedo y enjuagarlo o tirarlo cuando hayamos terminado.<\/li><li>Ducharnos, una vez hayamos terminado el trabajo, para eliminar las fibras que hayan podido quedar adheridas a la piel.<\/li><li>Llevar el fibrocemento debidamente envuelto y separado del resto de materiales en el punto limpio, y depositarlo en el lugar correspondiente, siguiendo las indicaciones de los operarios.<\/li><\/ol><p>Es muy importante no abandonar nunca este residuo en el medio natural o en la v\u00eda p\u00fablica, ni depositarlo en los contenedores que se encuentran en la calle.<\/p><p><strong>Los industriales no pueden ir al punto limpio a llevar este tipo de residuo. Deben seguir un protocolo de trabajo espec\u00edfico, contratando a una empresa especializada inscrita en el Registro de Espresas con Riesgo de Amiant (RERA).<\/strong><\/p>\t\t\t\t\t\t\t\t<\/div>\n\t\t\t\t<\/div>\n\t\t\t\t<div class=\"elementor-element elementor-element-cd1fe94 elementor-widget elementor-widget-button\" data-id=\"cd1fe94\" data-element_type=\"widget\" data-e-type=\"widget\" data-widget_type=\"button.default\">\n\t\t\t\t<div class=\"elementor-widget-container\">\n\t\t\t\t\t\t\t\t\t<div class=\"elementor-button-wrapper\">\n\t\t\t\t\t<a class=\"elementor-button elementor-button-link elementor-size-lg\" href=\"https:\/\/treball.gencat.cat\/ca\/ambits\/seguretat_i_salut_laboral\/recursos\/registres\/registre_d_empreses_amb_risc_d_ami\/\" target=\"_blank\" rel=\"nofollow\">\n\t\t\t\t\t\t<span class=\"elementor-button-content-wrapper\">\n\t\t\t\t\t\t<span class=\"elementor-button-icon\">\n\t\t\t\t<i aria-hidden=\"true\" class=\"fas fa-external-link-alt\"><\/i>\t\t\t<\/span>\n\t\t\t\t\t\t\t\t\t<span class=\"elementor-button-text\">Consultar empresas especializadas con la retirada de amianto<\/span>\n\t\t\t\t\t<\/span>\n\t\t\t\t\t<\/a>\n\t\t\t\t<\/div>\n\t\t\t\t\t\t\t\t<\/div>\n\t\t\t\t<\/div>\n\t\t\t\t<div class=\"elementor-element elementor-element-109d57c v-h3 elementor-widget elementor-widget-heading\" data-id=\"109d57c\" data-element_type=\"widget\" data-e-type=\"widget\" data-widget_type=\"heading.default\">\n\t\t\t\t<div class=\"elementor-widget-container\">\n\t\t\t\t\t<div class=\"elementor-heading-title elementor-size-default\">Conceptos relacionados<\/div>\t\t\t\t<\/div>\n\t\t\t\t<\/div>\n\t\t\t\t<div class=\"elementor-element elementor-element-7cb1a08 v-elementor-accordion elementor-widget elementor-widget-accordion\" data-id=\"7cb1a08\" data-element_type=\"widget\" data-e-type=\"widget\" data-widget_type=\"accordion.default\">\n\t\t\t\t<div class=\"elementor-widget-container\">\n\t\t\t\t\t\t\t<div class=\"elementor-accordion\">\n\t\t\t\t\t\t\t<div class=\"elementor-accordion-item\">\n\t\t\t\t\t<h3 id=\"elementor-tab-title-1301\" class=\"elementor-tab-title\" data-tab=\"1\" role=\"button\" aria-controls=\"elementor-tab-content-1301\" aria-expanded=\"false\">\n\t\t\t\t\t\t\t\t\t\t\t\t\t<span class=\"elementor-accordion-icon elementor-accordion-icon-right\" aria-hidden=\"true\">\n\t\t\t\t\t\t\t\t\t\t\t\t\t\t\t<span class=\"elementor-accordion-icon-closed\"><i class=\"fas fa-chevron-down\"><\/i><\/span>\n\t\t\t\t\t\t\t\t<span class=\"elementor-accordion-icon-opened\"><i class=\"fas fa-chevron-up\"><\/i><\/span>\n\t\t\t\t\t\t\t\t\t\t\t\t\t\t<\/span>\n\t\t\t\t\t\t\t\t\t\t\t\t<a class=\"elementor-accordion-title\" tabindex=\"0\">Que es el amianto<\/a>\n\t\t\t\t\t<\/h3>\n\t\t\t\t\t<div id=\"elementor-tab-content-1301\" class=\"elementor-tab-content elementor-clearfix\" data-tab=\"1\" role=\"region\" aria-labelledby=\"elementor-tab-title-1301\"><p>El ASBEST, o AMIANTO, es el nombre con el que se conoce a un grupo de minerales metam\u00f3rficos fibrosos, generalmente amosita, crisolita, crocidolita y las formas fibrosas de la temblora, la actinolita y la antofilita, que se pueden encontrar en estado natural.<\/p>\n<p>Los minerales de asbesto tienen fibras largas y resistentes que se pueden separar y son lo suficientemente flexibles como para ser entrelazadas y tambi\u00e9n resisten altas temperaturas. Debido a estas caracter\u00edsticas, el asbesto se ha empleado en una gran variedad de productos manufacturados, principalmente en materiales de construcci\u00f3n, productos de fricci\u00f3n, tejidos termorresistentes, envases, empaquetamientos y revestimientos.<\/p><\/div>\n\t\t\t\t<\/div>\n\t\t\t\t\t\t\t<div class=\"elementor-accordion-item\">\n\t\t\t\t\t<h3 id=\"elementor-tab-title-1302\" class=\"elementor-tab-title\" data-tab=\"2\" role=\"button\" aria-controls=\"elementor-tab-content-1302\" aria-expanded=\"false\">\n\t\t\t\t\t\t\t\t\t\t\t\t\t<span class=\"elementor-accordion-icon elementor-accordion-icon-right\" aria-hidden=\"true\">\n\t\t\t\t\t\t\t\t\t\t\t\t\t\t\t<span class=\"elementor-accordion-icon-closed\"><i class=\"fas fa-chevron-down\"><\/i><\/span>\n\t\t\t\t\t\t\t\t<span class=\"elementor-accordion-icon-opened\"><i class=\"fas fa-chevron-up\"><\/i><\/span>\n\t\t\t\t\t\t\t\t\t\t\t\t\t\t<\/span>\n\t\t\t\t\t\t\t\t\t\t\t\t<a class=\"elementor-accordion-title\" tabindex=\"0\">Que es el fibrocemento<\/a>\n\t\t\t\t\t<\/h3>\n\t\t\t\t\t<div id=\"elementor-tab-content-1302\" class=\"elementor-tab-content elementor-clearfix\" data-tab=\"2\" role=\"region\" aria-labelledby=\"elementor-tab-title-1302\"><p>El FIBROCEMENTO es una mezcla de cemento Portland y fibras de amianto (o asbesto) que le dan una gran resistencia mec\u00e1nica a la vez que una gran ligereza y resistencia a la intemperie. Por este motivo, se empleaba como cierre de fachadas, cubiertas ligeras o bien para la fabricaci\u00f3n de tuber\u00edas o chimeneas, especialmente en la \u00e9poca de los a\u00f1os 70.<\/p><\/div>\n\t\t\t\t<\/div>\n\t\t\t\t\t\t\t\t<\/div>\n\t\t\t\t\t\t<\/div>\n\t\t\t\t<\/div>\n\t\t\t\t\t<\/div>\n\t\t<\/div>\n\t\t\t\t\t<\/div>\n\t\t<\/section>\n\t\t\t\t<\/div>\n\t\t","protected":false},"excerpt":{"rendered":"<p>Residuos admisibles Gesti\u00f3n del fibrocemento Dada la peligrosidad del fibrocemento con amianto, debemos protegernos a la hora de tocarlo. Si para sacar el material necesitamos desmontarlo, no lo haremos nosotros, sino que habr\u00e1 que contratar los servicios de una empresa especializada que se encargue. Estas empresas deben estar inscritas en el Registro de Expresas con [&hellip;]<\/p>\n","protected":false},"author":1,"featured_media":5763,"parent":0,"menu_order":5,"comment_status":"closed","ping_status":"closed","template":"","meta":{"footnotes":""},"class_list":["post-5935","page","type-page","status-publish","has-post-thumbnail","hentry"],"yoast_head":"<!-- This site is optimized with the Yoast SEO plugin v27.3 - https:\/\/yoast.com\/product\/yoast-seo-wordpress\/ -->\n<title>Amianto y fibrocemento | ATLAS Gesti\u00f3 Mediambiental<\/title>\n<meta name=\"description\" content=\"Residuos admisibles Gesti\u00f3n del fibrocemento Dada la peligrosidad del fibrocemento con amianto, debemos protegernos a la hora de tocarlo.Si para sacar el\" \/>\n<meta name=\"robots\" content=\"index, follow, max-snippet:-1, max-image-preview:large, max-video-preview:-1\" \/>\n<link rel=\"canonical\" href=\"https:\/\/atlasgm.com\/es\/amiant-i-fibrociment\/\" \/>\n<meta property=\"og:locale\" content=\"es_ES\" \/>\n<meta property=\"og:type\" content=\"article\" \/>\n<meta property=\"og:title\" content=\"Amianto y fibrocemento | ATLAS Gesti\u00f3 Mediambiental\" \/>\n<meta property=\"og:description\" content=\"Residuos admisibles Gesti\u00f3n del fibrocemento Dada la peligrosidad del fibrocemento con amianto, debemos protegernos a la hora de tocarlo.Si para sacar el\" \/>\n<meta property=\"og:url\" content=\"https:\/\/atlasgm.com\/es\/amiant-i-fibrociment\/\" \/>\n<meta property=\"og:site_name\" content=\"ATLAS Gesti\u00f3 Mediambiental\" \/>\n<meta property=\"article:modified_time\" content=\"2023-03-03T13:30:11+00:00\" \/>\n<meta property=\"og:image\" content=\"https:\/\/atlasgm.com\/wp-content\/uploads\/atlasgm-gestio-mediambiental-1024x680.jpg\" \/>\n\t<meta property=\"og:image:width\" content=\"1024\" \/>\n\t<meta property=\"og:image:height\" content=\"680\" \/>\n\t<meta property=\"og:image:type\" content=\"image\/jpeg\" \/>\n<meta name=\"twitter:card\" content=\"summary_large_image\" \/>\n<meta name=\"twitter:label1\" content=\"Tiempo de lectura\" \/>\n\t<meta name=\"twitter:data1\" content=\"3 minutos\" \/>\n<script type=\"application\/ld+json\" class=\"yoast-schema-graph\">{\"@context\":\"https:\\\/\\\/schema.org\",\"@graph\":[{\"@type\":\"WebPage\",\"@id\":\"https:\\\/\\\/atlasgm.com\\\/es\\\/amiant-i-fibrociment\\\/\",\"url\":\"https:\\\/\\\/atlasgm.com\\\/es\\\/amiant-i-fibrociment\\\/\",\"name\":\"Amianto y fibrocemento | ATLAS Gesti\u00f3 Mediambiental\",\"isPartOf\":{\"@id\":\"https:\\\/\\\/atlasgm.com\\\/es\\\/#website\"},\"primaryImageOfPage\":{\"@id\":\"https:\\\/\\\/atlasgm.com\\\/es\\\/amiant-i-fibrociment\\\/#primaryimage\"},\"image\":{\"@id\":\"https:\\\/\\\/atlasgm.com\\\/es\\\/amiant-i-fibrociment\\\/#primaryimage\"},\"thumbnailUrl\":\"https:\\\/\\\/atlasgm.com\\\/wp-content\\\/uploads\\\/atlasgm-gestio-mediambiental.jpg\",\"datePublished\":\"2022-07-06T12:09:54+00:00\",\"dateModified\":\"2023-03-03T13:30:11+00:00\",\"description\":\"Residuos admisibles Gesti\u00f3n del fibrocemento Dada la peligrosidad del fibrocemento con amianto, debemos protegernos a la hora de tocarlo.Si para sacar el\",\"inLanguage\":\"es\",\"potentialAction\":[{\"@type\":\"ReadAction\",\"target\":[\"https:\\\/\\\/atlasgm.com\\\/es\\\/amiant-i-fibrociment\\\/\"]}]},{\"@type\":\"ImageObject\",\"inLanguage\":\"es\",\"@id\":\"https:\\\/\\\/atlasgm.com\\\/es\\\/amiant-i-fibrociment\\\/#primaryimage\",\"url\":\"https:\\\/\\\/atlasgm.com\\\/wp-content\\\/uploads\\\/atlasgm-gestio-mediambiental.jpg\",\"contentUrl\":\"https:\\\/\\\/atlasgm.com\\\/wp-content\\\/uploads\\\/atlasgm-gestio-mediambiental.jpg\",\"width\":2560,\"height\":1700,\"caption\":\"DCIM100MEDIADJI_0315.JPG\"},{\"@type\":\"WebSite\",\"@id\":\"https:\\\/\\\/atlasgm.com\\\/es\\\/#website\",\"url\":\"https:\\\/\\\/atlasgm.com\\\/es\\\/\",\"name\":\"ATLAS Gesti\u00f3 Mediambiental\",\"description\":\"Dip\u00f2sit controlat de residus industrials perillosos\",\"publisher\":{\"@id\":\"https:\\\/\\\/atlasgm.com\\\/es\\\/#organization\"},\"potentialAction\":[{\"@type\":\"SearchAction\",\"target\":{\"@type\":\"EntryPoint\",\"urlTemplate\":\"https:\\\/\\\/atlasgm.com\\\/es\\\/?s={search_term_string}\"},\"query-input\":{\"@type\":\"PropertyValueSpecification\",\"valueRequired\":true,\"valueName\":\"search_term_string\"}}],\"inLanguage\":\"es\"},{\"@type\":\"Organization\",\"@id\":\"https:\\\/\\\/atlasgm.com\\\/es\\\/#organization\",\"name\":\"ATLAS Gesti\u00f3 Mediambiental\",\"url\":\"https:\\\/\\\/atlasgm.com\\\/es\\\/\",\"logo\":{\"@type\":\"ImageObject\",\"inLanguage\":\"es\",\"@id\":\"https:\\\/\\\/atlasgm.com\\\/es\\\/#\\\/schema\\\/logo\\\/image\\\/\",\"url\":\"https:\\\/\\\/atlasgm.com\\\/wp-content\\\/uploads\\\/atlas-logo.jpg\",\"contentUrl\":\"https:\\\/\\\/atlasgm.com\\\/wp-content\\\/uploads\\\/atlas-logo.jpg\",\"width\":394,\"height\":236,\"caption\":\"ATLAS Gesti\u00f3 Mediambiental\"},\"image\":{\"@id\":\"https:\\\/\\\/atlasgm.com\\\/es\\\/#\\\/schema\\\/logo\\\/image\\\/\"}}]}<\/script>\n<!-- \/ Yoast SEO plugin. -->","yoast_head_json":{"title":"Amianto y fibrocemento | ATLAS Gesti\u00f3 Mediambiental","description":"Residuos admisibles Gesti\u00f3n del fibrocemento Dada la peligrosidad del fibrocemento con amianto, debemos protegernos a la hora de tocarlo.Si para sacar el","robots":{"index":"index","follow":"follow","max-snippet":"max-snippet:-1","max-image-preview":"max-image-preview:large","max-video-preview":"max-video-preview:-1"},"canonical":"https:\/\/atlasgm.com\/es\/amiant-i-fibrociment\/","og_locale":"es_ES","og_type":"article","og_title":"Amianto y fibrocemento | ATLAS Gesti\u00f3 Mediambiental","og_description":"Residuos admisibles Gesti\u00f3n del fibrocemento Dada la peligrosidad del fibrocemento con amianto, debemos protegernos a la hora de tocarlo.Si para sacar el","og_url":"https:\/\/atlasgm.com\/es\/amiant-i-fibrociment\/","og_site_name":"ATLAS Gesti\u00f3 Mediambiental","article_modified_time":"2023-03-03T13:30:11+00:00","og_image":[{"width":1024,"height":680,"url":"https:\/\/atlasgm.com\/wp-content\/uploads\/atlasgm-gestio-mediambiental-1024x680.jpg","type":"image\/jpeg"}],"twitter_card":"summary_large_image","twitter_misc":{"Tiempo de lectura":"3 minutos"},"schema":{"@context":"https:\/\/schema.org","@graph":[{"@type":"WebPage","@id":"https:\/\/atlasgm.com\/es\/amiant-i-fibrociment\/","url":"https:\/\/atlasgm.com\/es\/amiant-i-fibrociment\/","name":"Amianto y fibrocemento | ATLAS Gesti\u00f3 Mediambiental","isPartOf":{"@id":"https:\/\/atlasgm.com\/es\/#website"},"primaryImageOfPage":{"@id":"https:\/\/atlasgm.com\/es\/amiant-i-fibrociment\/#primaryimage"},"image":{"@id":"https:\/\/atlasgm.com\/es\/amiant-i-fibrociment\/#primaryimage"},"thumbnailUrl":"https:\/\/atlasgm.com\/wp-content\/uploads\/atlasgm-gestio-mediambiental.jpg","datePublished":"2022-07-06T12:09:54+00:00","dateModified":"2023-03-03T13:30:11+00:00","description":"Residuos admisibles Gesti\u00f3n del fibrocemento Dada la peligrosidad del fibrocemento con amianto, debemos protegernos a la hora de tocarlo.Si para sacar el","inLanguage":"es","potentialAction":[{"@type":"ReadAction","target":["https:\/\/atlasgm.com\/es\/amiant-i-fibrociment\/"]}]},{"@type":"ImageObject","inLanguage":"es","@id":"https:\/\/atlasgm.com\/es\/amiant-i-fibrociment\/#primaryimage","url":"https:\/\/atlasgm.com\/wp-content\/uploads\/atlasgm-gestio-mediambiental.jpg","contentUrl":"https:\/\/atlasgm.com\/wp-content\/uploads\/atlasgm-gestio-mediambiental.jpg","width":2560,"height":1700,"caption":"DCIM100MEDIADJI_0315.JPG"},{"@type":"WebSite","@id":"https:\/\/atlasgm.com\/es\/#website","url":"https:\/\/atlasgm.com\/es\/","name":"ATLAS Gesti\u00f3 Mediambiental","description":"Dip\u00f2sit controlat de residus industrials perillosos","publisher":{"@id":"https:\/\/atlasgm.com\/es\/#organization"},"potentialAction":[{"@type":"SearchAction","target":{"@type":"EntryPoint","urlTemplate":"https:\/\/atlasgm.com\/es\/?s={search_term_string}"},"query-input":{"@type":"PropertyValueSpecification","valueRequired":true,"valueName":"search_term_string"}}],"inLanguage":"es"},{"@type":"Organization","@id":"https:\/\/atlasgm.com\/es\/#organization","name":"ATLAS Gesti\u00f3 Mediambiental","url":"https:\/\/atlasgm.com\/es\/","logo":{"@type":"ImageObject","inLanguage":"es","@id":"https:\/\/atlasgm.com\/es\/#\/schema\/logo\/image\/","url":"https:\/\/atlasgm.com\/wp-content\/uploads\/atlas-logo.jpg","contentUrl":"https:\/\/atlasgm.com\/wp-content\/uploads\/atlas-logo.jpg","width":394,"height":236,"caption":"ATLAS Gesti\u00f3 Mediambiental"},"image":{"@id":"https:\/\/atlasgm.com\/es\/#\/schema\/logo\/image\/"}}]}},"_links":{"self":[{"href":"https:\/\/atlasgm.com\/es\/wp-json\/wp\/v2\/pages\/5935","targetHints":{"allow":["GET"]}}],"collection":[{"href":"https:\/\/atlasgm.com\/es\/wp-json\/wp\/v2\/pages"}],"about":[{"href":"https:\/\/atlasgm.com\/es\/wp-json\/wp\/v2\/types\/page"}],"author":[{"embeddable":true,"href":"https:\/\/atlasgm.com\/es\/wp-json\/wp\/v2\/users\/1"}],"replies":[{"embeddable":true,"href":"https:\/\/atlasgm.com\/es\/wp-json\/wp\/v2\/comments?post=5935"}],"version-history":[{"count":6,"href":"https:\/\/atlasgm.com\/es\/wp-json\/wp\/v2\/pages\/5935\/revisions"}],"predecessor-version":[{"id":6705,"href":"https:\/\/atlasgm.com\/es\/wp-json\/wp\/v2\/pages\/5935\/revisions\/6705"}],"wp:featuredmedia":[{"embeddable":true,"href":"https:\/\/atlasgm.com\/es\/wp-json\/wp\/v2\/media\/5763"}],"wp:attachment":[{"href":"https:\/\/atlasgm.com\/es\/wp-json\/wp\/v2\/media?parent=5935"}],"curies":[{"name":"wp","href":"https:\/\/api.w.org\/{rel}","templated":true}]}}