{"id":5933,"date":"2022-07-06T14:06:06","date_gmt":"2022-07-06T12:06:06","guid":{"rendered":"https:\/\/atlasgm.com\/protocol-recepcio-cendres\/"},"modified":"2023-03-03T14:25:52","modified_gmt":"2023-03-03T13:25:52","slug":"protocol-recepcio-cendres","status":"publish","type":"page","link":"https:\/\/atlasgm.com\/es\/protocol-recepcio-cendres\/","title":{"rendered":"Protocolo recepci\u00f3n cenizas"},"content":{"rendered":"\t\t<div data-elementor-type=\"wp-page\" data-elementor-id=\"5933\" class=\"elementor elementor-5933 elementor-4274\" data-elementor-post-type=\"page\">\n\t\t\t\t\t\t<section class=\"elementor-section elementor-top-section elementor-element elementor-element-b929c82 v-showcase elementor-section-boxed elementor-section-height-default elementor-section-height-default\" data-id=\"b929c82\" data-element_type=\"section\" data-e-type=\"section\">\n\t\t\t\t\t\t\t<div class=\"elementor-background-overlay\"><\/div>\n\t\t\t\t\t\t\t<div class=\"elementor-container elementor-column-gap-default\">\n\t\t\t\t\t<div class=\"elementor-column elementor-col-100 elementor-top-column elementor-element elementor-element-972e39a\" data-id=\"972e39a\" data-element_type=\"column\" data-e-type=\"column\">\n\t\t\t<div class=\"elementor-widget-wrap\">\n\t\t\t\t\t\t\t<\/div>\n\t\t<\/div>\n\t\t\t\t\t<\/div>\n\t\t<\/section>\n\t\t\t\t<section class=\"elementor-section elementor-top-section elementor-element elementor-element-6b8a2b1 elementor-section-boxed elementor-section-height-default elementor-section-height-default\" data-id=\"6b8a2b1\" data-element_type=\"section\" data-e-type=\"section\">\n\t\t\t\t\t\t<div class=\"elementor-container elementor-column-gap-default\">\n\t\t\t\t\t<div class=\"elementor-column elementor-col-50 elementor-top-column elementor-element elementor-element-b891974\" data-id=\"b891974\" data-element_type=\"column\" data-e-type=\"column\">\n\t\t\t<div class=\"elementor-widget-wrap elementor-element-populated\">\n\t\t\t\t\t\t<div class=\"elementor-element elementor-element-9557088 v-bread-section elementor-widget elementor-widget-heading\" data-id=\"9557088\" data-element_type=\"widget\" data-e-type=\"widget\" data-widget_type=\"heading.default\">\n\t\t\t\t<div class=\"elementor-widget-container\">\n\t\t\t\t\t<h2 class=\"elementor-heading-title elementor-size-default\">Residuos admisibles<\/h2>\t\t\t\t<\/div>\n\t\t\t\t<\/div>\n\t\t\t\t<div class=\"elementor-element elementor-element-92f7977 elementor-widget elementor-widget-heading\" data-id=\"92f7977\" data-element_type=\"widget\" data-e-type=\"widget\" data-widget_type=\"heading.default\">\n\t\t\t\t<div class=\"elementor-widget-container\">\n\t\t\t\t\t<h1 class=\"elementor-heading-title elementor-size-default\">Protocolo recepci\u00f3n cenizas<\/h1>\t\t\t\t<\/div>\n\t\t\t\t<\/div>\n\t\t\t\t\t<\/div>\n\t\t<\/div>\n\t\t\t\t<div class=\"elementor-column elementor-col-50 elementor-top-column elementor-element elementor-element-71a6eba\" data-id=\"71a6eba\" data-element_type=\"column\" data-e-type=\"column\">\n\t\t\t<div class=\"elementor-widget-wrap\">\n\t\t\t\t\t\t\t<\/div>\n\t\t<\/div>\n\t\t\t\t\t<\/div>\n\t\t<\/section>\n\t\t\t\t<section class=\"elementor-section elementor-top-section elementor-element elementor-element-bde7d1a v-box-container-lg elementor-section-boxed elementor-section-height-default elementor-section-height-default\" data-id=\"bde7d1a\" data-element_type=\"section\" data-e-type=\"section\">\n\t\t\t\t\t\t<div class=\"elementor-container elementor-column-gap-default\">\n\t\t\t\t\t<div class=\"elementor-column elementor-col-100 elementor-top-column elementor-element elementor-element-3d6cae5\" data-id=\"3d6cae5\" data-element_type=\"column\" data-e-type=\"column\">\n\t\t\t<div class=\"elementor-widget-wrap elementor-element-populated\">\n\t\t\t\t\t\t<div class=\"elementor-element elementor-element-1053c12 elementor-widget elementor-widget-heading\" data-id=\"1053c12\" data-element_type=\"widget\" data-e-type=\"widget\" data-widget_type=\"heading.default\">\n\t\t\t\t<div class=\"elementor-widget-container\">\n\t\t\t\t\t<h3 class=\"elementor-heading-title elementor-size-default\">Protocolo recepci\u00f3n de las cenizas<\/h3>\t\t\t\t<\/div>\n\t\t\t\t<\/div>\n\t\t\t\t<div class=\"elementor-element elementor-element-4aa800c elementor-widget elementor-widget-text-editor\" data-id=\"4aa800c\" data-element_type=\"widget\" data-e-type=\"widget\" data-widget_type=\"text-editor.default\">\n\t\t\t\t<div class=\"elementor-widget-container\">\n\t\t\t\t\t\t\t\t\t<p>En el caso de las cenizas volantes procedentes de la incineraci\u00f3n de residuos municipales, los veh\u00edculos de transporte descargan directamente en la planta de ensacado de alta densidad, previo control documental en b\u00e1scula. Todas las descargas en la planta de ensacado de alta densidad se realizan siguiendo los procedimientos espec\u00edficos existentes para esta operativa, para poder detectar cualquier posible incidencia. Existe un protocolo de descarga y funcionamiento de la planta de ensacado, auditado de forma peri\u00f3dica por la Administraci\u00f3n correspondiente, con el fin de optimizar su funcionamiento.<\/p>\n<p>En esta planta, las cenizas son mezcladas mediante un proceso ideado por ATLAS, utilizando un sistema de mezcladoras de \u00faltima generaci\u00f3n, donde se inyectan las cenizas, junto con aguas de lixiviado y aguas pluviales del propio dep\u00f3sito, para aumentar la plasticidad de la mezcla, compactando y envasando el residuo en contenedores flexibles tipo big-bags. La planta de ensacado de alta densidad emplea para ensacar el residuo, un big-bag dise\u00f1ado espec\u00edficamente para esta operaci\u00f3n, plastificado en su interior, estanco y de un \u00fanico uso. Esta planta permite tratar los residuos pulverulentos, como las cenizas volantes, a trav\u00e9s de un proceso estanco, para que no haya ning\u00fan tipo de emisi\u00f3n en el exterior, debido a que una vez compactadas y dispuestas las cenizas en big -bags, se trata de un residuo s\u00f3lido, totalmente estable, apto para ser gestionado en el correspondiente dep\u00f3sito de residuos especiales.<\/p>\n<p>Con este proceso de tratamiento, se consigue aumentar la densidad del residuo, inertizar y reducir la carga contaminada de los metales presentes en las cenizas volantes, reducir su superficie de contacto con el agua y mejorar las condiciones f\u00edsicas para su disposici\u00f3n al vaso receptor.<\/p>\n<p>Este procedimiento supone una mejora de la gesti\u00f3n de este residuo en el dep\u00f3sito controlado, disminuyendo significativamente su carga contaminante, debido a que el contenedor big-bag impide el contacto con el agua y, por tanto, la generaci\u00f3n de residuos y la disoluci\u00f3n de los mismos.<\/p>\n<p>La planta de ensacado, al igual que el dep\u00f3sito de residuos especiales, est\u00e1 sujeta a un r\u00e9gimen de control de emisiones atmosf\u00e9ricas, para asegurar el \u00f3ptimo funcionamiento de la planta, para evitar cualquier emisi\u00f3n de residuos en el exterior.<\/p>\t\t\t\t\t\t\t\t<\/div>\n\t\t\t\t<\/div>\n\t\t\t\t\t<\/div>\n\t\t<\/div>\n\t\t\t\t\t<\/div>\n\t\t<\/section>\n\t\t\t\t<\/div>\n\t\t","protected":false},"excerpt":{"rendered":"<p>Residuos admisibles Protocolo recepci\u00f3n de las cenizas En el caso de las cenizas volantes procedentes de la incineraci\u00f3n de residuos municipales, los veh\u00edculos de transporte descargan directamente en la planta de ensacado de alta densidad, previo control documental en b\u00e1scula. Todas las descargas en la planta de ensacado de alta densidad se realizan siguiendo los [&hellip;]<\/p>\n","protected":false},"author":1,"featured_media":5763,"parent":0,"menu_order":4,"comment_status":"closed","ping_status":"closed","template":"","meta":{"footnotes":""},"class_list":["post-5933","page","type-page","status-publish","has-post-thumbnail","hentry"],"yoast_head":"<!-- This site is optimized with the Yoast SEO plugin v27.3 - https:\/\/yoast.com\/product\/yoast-seo-wordpress\/ -->\n<title>Protocolo recepci\u00f3n cenizas | ATLAS Gesti\u00f3 Mediambiental<\/title>\n<meta name=\"description\" content=\"Residuos admisibles Protocolo recepci\u00f3n de las cenizas En el caso de las cenizas volantes procedentes de la incineraci\u00f3n de residuos municipales, los\" \/>\n<meta name=\"robots\" content=\"index, follow, max-snippet:-1, max-image-preview:large, max-video-preview:-1\" \/>\n<link rel=\"canonical\" href=\"https:\/\/atlasgm.com\/es\/protocol-recepcio-cendres\/\" \/>\n<meta property=\"og:locale\" content=\"es_ES\" \/>\n<meta property=\"og:type\" content=\"article\" \/>\n<meta property=\"og:title\" content=\"Protocolo recepci\u00f3n cenizas | ATLAS Gesti\u00f3 Mediambiental\" \/>\n<meta property=\"og:description\" content=\"Residuos admisibles Protocolo recepci\u00f3n de las cenizas En el caso de las cenizas volantes procedentes de la incineraci\u00f3n de residuos municipales, los\" \/>\n<meta property=\"og:url\" content=\"https:\/\/atlasgm.com\/es\/protocol-recepcio-cendres\/\" \/>\n<meta property=\"og:site_name\" content=\"ATLAS Gesti\u00f3 Mediambiental\" \/>\n<meta property=\"article:modified_time\" content=\"2023-03-03T13:25:52+00:00\" \/>\n<meta property=\"og:image\" content=\"https:\/\/atlasgm.com\/wp-content\/uploads\/atlasgm-gestio-mediambiental-1024x680.jpg\" \/>\n\t<meta property=\"og:image:width\" content=\"1024\" \/>\n\t<meta property=\"og:image:height\" content=\"680\" \/>\n\t<meta property=\"og:image:type\" content=\"image\/jpeg\" \/>\n<meta name=\"twitter:card\" content=\"summary_large_image\" \/>\n<meta name=\"twitter:label1\" content=\"Tiempo de lectura\" \/>\n\t<meta name=\"twitter:data1\" content=\"2 minutos\" \/>\n<script type=\"application\/ld+json\" class=\"yoast-schema-graph\">{\"@context\":\"https:\\\/\\\/schema.org\",\"@graph\":[{\"@type\":\"WebPage\",\"@id\":\"https:\\\/\\\/atlasgm.com\\\/es\\\/protocol-recepcio-cendres\\\/\",\"url\":\"https:\\\/\\\/atlasgm.com\\\/es\\\/protocol-recepcio-cendres\\\/\",\"name\":\"Protocolo recepci\u00f3n cenizas | ATLAS Gesti\u00f3 Mediambiental\",\"isPartOf\":{\"@id\":\"https:\\\/\\\/atlasgm.com\\\/es\\\/#website\"},\"primaryImageOfPage\":{\"@id\":\"https:\\\/\\\/atlasgm.com\\\/es\\\/protocol-recepcio-cendres\\\/#primaryimage\"},\"image\":{\"@id\":\"https:\\\/\\\/atlasgm.com\\\/es\\\/protocol-recepcio-cendres\\\/#primaryimage\"},\"thumbnailUrl\":\"https:\\\/\\\/atlasgm.com\\\/wp-content\\\/uploads\\\/atlasgm-gestio-mediambiental.jpg\",\"datePublished\":\"2022-07-06T12:06:06+00:00\",\"dateModified\":\"2023-03-03T13:25:52+00:00\",\"description\":\"Residuos admisibles Protocolo recepci\u00f3n de las cenizas En el caso de las cenizas volantes procedentes de la incineraci\u00f3n de residuos municipales, los\",\"inLanguage\":\"es\",\"potentialAction\":[{\"@type\":\"ReadAction\",\"target\":[\"https:\\\/\\\/atlasgm.com\\\/es\\\/protocol-recepcio-cendres\\\/\"]}]},{\"@type\":\"ImageObject\",\"inLanguage\":\"es\",\"@id\":\"https:\\\/\\\/atlasgm.com\\\/es\\\/protocol-recepcio-cendres\\\/#primaryimage\",\"url\":\"https:\\\/\\\/atlasgm.com\\\/wp-content\\\/uploads\\\/atlasgm-gestio-mediambiental.jpg\",\"contentUrl\":\"https:\\\/\\\/atlasgm.com\\\/wp-content\\\/uploads\\\/atlasgm-gestio-mediambiental.jpg\",\"width\":2560,\"height\":1700,\"caption\":\"DCIM100MEDIADJI_0315.JPG\"},{\"@type\":\"WebSite\",\"@id\":\"https:\\\/\\\/atlasgm.com\\\/es\\\/#website\",\"url\":\"https:\\\/\\\/atlasgm.com\\\/es\\\/\",\"name\":\"ATLAS Gesti\u00f3 Mediambiental\",\"description\":\"Dip\u00f2sit controlat de residus industrials perillosos\",\"publisher\":{\"@id\":\"https:\\\/\\\/atlasgm.com\\\/es\\\/#organization\"},\"potentialAction\":[{\"@type\":\"SearchAction\",\"target\":{\"@type\":\"EntryPoint\",\"urlTemplate\":\"https:\\\/\\\/atlasgm.com\\\/es\\\/?s={search_term_string}\"},\"query-input\":{\"@type\":\"PropertyValueSpecification\",\"valueRequired\":true,\"valueName\":\"search_term_string\"}}],\"inLanguage\":\"es\"},{\"@type\":\"Organization\",\"@id\":\"https:\\\/\\\/atlasgm.com\\\/es\\\/#organization\",\"name\":\"ATLAS Gesti\u00f3 Mediambiental\",\"url\":\"https:\\\/\\\/atlasgm.com\\\/es\\\/\",\"logo\":{\"@type\":\"ImageObject\",\"inLanguage\":\"es\",\"@id\":\"https:\\\/\\\/atlasgm.com\\\/es\\\/#\\\/schema\\\/logo\\\/image\\\/\",\"url\":\"https:\\\/\\\/atlasgm.com\\\/wp-content\\\/uploads\\\/atlas-logo.jpg\",\"contentUrl\":\"https:\\\/\\\/atlasgm.com\\\/wp-content\\\/uploads\\\/atlas-logo.jpg\",\"width\":394,\"height\":236,\"caption\":\"ATLAS Gesti\u00f3 Mediambiental\"},\"image\":{\"@id\":\"https:\\\/\\\/atlasgm.com\\\/es\\\/#\\\/schema\\\/logo\\\/image\\\/\"}}]}<\/script>\n<!-- \/ Yoast SEO plugin. -->","yoast_head_json":{"title":"Protocolo recepci\u00f3n cenizas | ATLAS Gesti\u00f3 Mediambiental","description":"Residuos admisibles Protocolo recepci\u00f3n de las cenizas En el caso de las cenizas volantes procedentes de la incineraci\u00f3n de residuos municipales, los","robots":{"index":"index","follow":"follow","max-snippet":"max-snippet:-1","max-image-preview":"max-image-preview:large","max-video-preview":"max-video-preview:-1"},"canonical":"https:\/\/atlasgm.com\/es\/protocol-recepcio-cendres\/","og_locale":"es_ES","og_type":"article","og_title":"Protocolo recepci\u00f3n cenizas | ATLAS Gesti\u00f3 Mediambiental","og_description":"Residuos admisibles Protocolo recepci\u00f3n de las cenizas En el caso de las cenizas volantes procedentes de la incineraci\u00f3n de residuos municipales, los","og_url":"https:\/\/atlasgm.com\/es\/protocol-recepcio-cendres\/","og_site_name":"ATLAS Gesti\u00f3 Mediambiental","article_modified_time":"2023-03-03T13:25:52+00:00","og_image":[{"width":1024,"height":680,"url":"https:\/\/atlasgm.com\/wp-content\/uploads\/atlasgm-gestio-mediambiental-1024x680.jpg","type":"image\/jpeg"}],"twitter_card":"summary_large_image","twitter_misc":{"Tiempo de lectura":"2 minutos"},"schema":{"@context":"https:\/\/schema.org","@graph":[{"@type":"WebPage","@id":"https:\/\/atlasgm.com\/es\/protocol-recepcio-cendres\/","url":"https:\/\/atlasgm.com\/es\/protocol-recepcio-cendres\/","name":"Protocolo recepci\u00f3n cenizas | ATLAS Gesti\u00f3 Mediambiental","isPartOf":{"@id":"https:\/\/atlasgm.com\/es\/#website"},"primaryImageOfPage":{"@id":"https:\/\/atlasgm.com\/es\/protocol-recepcio-cendres\/#primaryimage"},"image":{"@id":"https:\/\/atlasgm.com\/es\/protocol-recepcio-cendres\/#primaryimage"},"thumbnailUrl":"https:\/\/atlasgm.com\/wp-content\/uploads\/atlasgm-gestio-mediambiental.jpg","datePublished":"2022-07-06T12:06:06+00:00","dateModified":"2023-03-03T13:25:52+00:00","description":"Residuos admisibles Protocolo recepci\u00f3n de las cenizas En el caso de las cenizas volantes procedentes de la incineraci\u00f3n de residuos municipales, los","inLanguage":"es","potentialAction":[{"@type":"ReadAction","target":["https:\/\/atlasgm.com\/es\/protocol-recepcio-cendres\/"]}]},{"@type":"ImageObject","inLanguage":"es","@id":"https:\/\/atlasgm.com\/es\/protocol-recepcio-cendres\/#primaryimage","url":"https:\/\/atlasgm.com\/wp-content\/uploads\/atlasgm-gestio-mediambiental.jpg","contentUrl":"https:\/\/atlasgm.com\/wp-content\/uploads\/atlasgm-gestio-mediambiental.jpg","width":2560,"height":1700,"caption":"DCIM100MEDIADJI_0315.JPG"},{"@type":"WebSite","@id":"https:\/\/atlasgm.com\/es\/#website","url":"https:\/\/atlasgm.com\/es\/","name":"ATLAS Gesti\u00f3 Mediambiental","description":"Dip\u00f2sit controlat de residus industrials perillosos","publisher":{"@id":"https:\/\/atlasgm.com\/es\/#organization"},"potentialAction":[{"@type":"SearchAction","target":{"@type":"EntryPoint","urlTemplate":"https:\/\/atlasgm.com\/es\/?s={search_term_string}"},"query-input":{"@type":"PropertyValueSpecification","valueRequired":true,"valueName":"search_term_string"}}],"inLanguage":"es"},{"@type":"Organization","@id":"https:\/\/atlasgm.com\/es\/#organization","name":"ATLAS Gesti\u00f3 Mediambiental","url":"https:\/\/atlasgm.com\/es\/","logo":{"@type":"ImageObject","inLanguage":"es","@id":"https:\/\/atlasgm.com\/es\/#\/schema\/logo\/image\/","url":"https:\/\/atlasgm.com\/wp-content\/uploads\/atlas-logo.jpg","contentUrl":"https:\/\/atlasgm.com\/wp-content\/uploads\/atlas-logo.jpg","width":394,"height":236,"caption":"ATLAS Gesti\u00f3 Mediambiental"},"image":{"@id":"https:\/\/atlasgm.com\/es\/#\/schema\/logo\/image\/"}}]}},"_links":{"self":[{"href":"https:\/\/atlasgm.com\/es\/wp-json\/wp\/v2\/pages\/5933","targetHints":{"allow":["GET"]}}],"collection":[{"href":"https:\/\/atlasgm.com\/es\/wp-json\/wp\/v2\/pages"}],"about":[{"href":"https:\/\/atlasgm.com\/es\/wp-json\/wp\/v2\/types\/page"}],"author":[{"embeddable":true,"href":"https:\/\/atlasgm.com\/es\/wp-json\/wp\/v2\/users\/1"}],"replies":[{"embeddable":true,"href":"https:\/\/atlasgm.com\/es\/wp-json\/wp\/v2\/comments?post=5933"}],"version-history":[{"count":5,"href":"https:\/\/atlasgm.com\/es\/wp-json\/wp\/v2\/pages\/5933\/revisions"}],"predecessor-version":[{"id":6698,"href":"https:\/\/atlasgm.com\/es\/wp-json\/wp\/v2\/pages\/5933\/revisions\/6698"}],"wp:featuredmedia":[{"embeddable":true,"href":"https:\/\/atlasgm.com\/es\/wp-json\/wp\/v2\/media\/5763"}],"wp:attachment":[{"href":"https:\/\/atlasgm.com\/es\/wp-json\/wp\/v2\/media?parent=5933"}],"curies":[{"name":"wp","href":"https:\/\/api.w.org\/{rel}","templated":true}]}}