{"id":5926,"date":"2020-07-11T09:51:11","date_gmt":"2020-07-11T07:51:11","guid":{"rendered":"https:\/\/atlasgm.com\/atlas-gestio-mediambiental\/"},"modified":"2023-02-22T11:04:39","modified_gmt":"2023-02-22T10:04:39","slug":"atlas-gestio-mediambiental","status":"publish","type":"page","link":"https:\/\/atlasgm.com\/es\/atlas-gestio-mediambiental\/","title":{"rendered":"Quien somos"},"content":{"rendered":"\t\t<div data-elementor-type=\"wp-page\" data-elementor-id=\"5926\" class=\"elementor elementor-5926 elementor-880\" data-elementor-post-type=\"page\">\n\t\t\t\t\t\t<section class=\"elementor-section elementor-top-section elementor-element elementor-element-a55584d v-showcase elementor-section-boxed elementor-section-height-default elementor-section-height-default\" data-id=\"a55584d\" data-element_type=\"section\" data-e-type=\"section\">\n\t\t\t\t\t\t\t<div class=\"elementor-background-overlay\"><\/div>\n\t\t\t\t\t\t\t<div class=\"elementor-container elementor-column-gap-default\">\n\t\t\t\t\t<div class=\"elementor-column elementor-col-100 elementor-top-column elementor-element elementor-element-46d90ae\" data-id=\"46d90ae\" data-element_type=\"column\" data-e-type=\"column\">\n\t\t\t<div class=\"elementor-widget-wrap\">\n\t\t\t\t\t\t\t<\/div>\n\t\t<\/div>\n\t\t\t\t\t<\/div>\n\t\t<\/section>\n\t\t\t\t<section class=\"elementor-section elementor-top-section elementor-element elementor-element-0d459e6 elementor-section-boxed elementor-section-height-default elementor-section-height-default\" data-id=\"0d459e6\" data-element_type=\"section\" data-e-type=\"section\">\n\t\t\t\t\t\t<div class=\"elementor-container elementor-column-gap-default\">\n\t\t\t\t\t<div class=\"elementor-column elementor-col-50 elementor-top-column elementor-element elementor-element-4e13eb6 elementor-hidden-tablet elementor-hidden-mobile\" data-id=\"4e13eb6\" data-element_type=\"column\" data-e-type=\"column\" data-settings=\"{&quot;background_background&quot;:&quot;classic&quot;}\">\n\t\t\t<div class=\"elementor-widget-wrap\">\n\t\t\t\t\t\t\t<\/div>\n\t\t<\/div>\n\t\t\t\t<div class=\"elementor-column elementor-col-50 elementor-top-column elementor-element elementor-element-ddad538\" data-id=\"ddad538\" data-element_type=\"column\" data-e-type=\"column\">\n\t\t\t<div class=\"elementor-widget-wrap elementor-element-populated\">\n\t\t\t\t\t\t<div class=\"elementor-element elementor-element-e4506cd v-bread-section elementor-widget elementor-widget-heading\" data-id=\"e4506cd\" data-element_type=\"widget\" data-e-type=\"widget\" data-widget_type=\"heading.default\">\n\t\t\t\t<div class=\"elementor-widget-container\">\n\t\t\t\t\t<div class=\"elementor-heading-title elementor-size-default\">Quien somos<\/div>\t\t\t\t<\/div>\n\t\t\t\t<\/div>\n\t\t\t\t<div class=\"elementor-element elementor-element-7613044 elementor-widget elementor-widget-heading\" data-id=\"7613044\" data-element_type=\"widget\" data-e-type=\"widget\" data-widget_type=\"heading.default\">\n\t\t\t\t<div class=\"elementor-widget-container\">\n\t\t\t\t\t<h1 class=\"elementor-heading-title elementor-size-default\">ATLAS GESTI\u00d3N MEDIOAMBIENTAL<\/h1>\t\t\t\t<\/div>\n\t\t\t\t<\/div>\n\t\t\t\t<div class=\"elementor-element elementor-element-46492de elementor-widget elementor-widget-text-editor\" data-id=\"46492de\" data-element_type=\"widget\" data-e-type=\"widget\" data-widget_type=\"text-editor.default\">\n\t\t\t\t<div class=\"elementor-widget-container\">\n\t\t\t\t\t\t\t\t\t<p>ATLAS Gesti\u00f3n Medioambiental, S.A. construye y explota el Dep\u00f3sito de Residuos Peligrosos de Catalu\u00f1a, actividad declarada servicio p\u00fablico por la Generalidad de Catalu\u00f1a. Atlas Gesti\u00f3n Medioambiental S.A. pertenece en un 50% por parte de FCC \u00e1mbito SA encargada en la gesti\u00f3n de residuos industriales y 50% la empresa TRADEBE divisi\u00f3n encargada tambi\u00e9n de la gesti\u00f3n de residuos industriales.<\/p>\n<p>Este dep\u00f3sito gestiona todos los residuos peligrosos generados en Catalu\u00f1a, donde su destino final sea la disposici\u00f3n controlada, seg\u00fan la normativa vigente. Existe una Comisi\u00f3n de Seguimiento Medioambiental, presidida por el Alcalde de Castellol\u00ed, y el Gerente de la Agencia de Residuos de Catalu\u00f1a, para velar por el correcto funcionamiento de la instalaci\u00f3n.<\/p>\n<p>ATLAS es una empresa que gestiona el \u00fanico dep\u00f3sito controlado de residuos especiales de Catalu\u00f1a, cubriendo las necesidades de gesti\u00f3n de estos residuos de la industria catalana aproximadamente para los pr\u00f3ximos 17 a\u00f1os.<\/p>\n<p>Toda la instalaci\u00f3n presenta un cierre perimetral con una \u00fanica puerta de acceso al recinto general, controlada desde oficinas.<\/p>\n\t\t\t\t\t\t\t\t<\/div>\n\t\t\t\t<\/div>\n\t\t\t\t<div class=\"elementor-element elementor-element-85ad203 elementor-widget elementor-widget-button\" data-id=\"85ad203\" data-element_type=\"widget\" data-e-type=\"widget\" data-widget_type=\"button.default\">\n\t\t\t\t<div class=\"elementor-widget-container\">\n\t\t\t\t\t\t\t\t\t<div class=\"elementor-button-wrapper\">\n\t\t\t\t\t<a class=\"elementor-button elementor-size-lg\" role=\"button\">\n\t\t\t\t\t\t<span class=\"elementor-button-content-wrapper\">\n\t\t\t\t\t\t<span class=\"elementor-button-icon\">\n\t\t\t\t<i aria-hidden=\"true\" class=\"fas fa-long-arrow-alt-right\"><\/i>\t\t\t<\/span>\n\t\t\t\t\t\t\t\t\t<span class=\"elementor-button-text\">Cont\u00e1ctanos<\/span>\n\t\t\t\t\t<\/span>\n\t\t\t\t\t<\/a>\n\t\t\t\t<\/div>\n\t\t\t\t\t\t\t\t<\/div>\n\t\t\t\t<\/div>\n\t\t\t\t\t<\/div>\n\t\t<\/div>\n\t\t\t\t\t<\/div>\n\t\t<\/section>\n\t\t\t\t<\/div>\n\t\t","protected":false},"excerpt":{"rendered":"<p>ATLAS GESTI\u00d3N MEDIOAMBIENTAL ATLAS Gesti\u00f3n Medioambiental, S.A. construye y explota el Dep\u00f3sito de Residuos Peligrosos de Catalu\u00f1a, actividad declarada servicio p\u00fablico por la Generalidad de Catalu\u00f1a. Atlas Gesti\u00f3n Medioambiental S.A. pertenece en un 50% por parte de FCC \u00e1mbito SA encargada en la gesti\u00f3n de residuos industriales y 50% la empresa TRADEBE divisi\u00f3n encargada tambi\u00e9n [&hellip;]<\/p>\n","protected":false},"author":1,"featured_media":5763,"parent":0,"menu_order":1,"comment_status":"closed","ping_status":"closed","template":"","meta":{"footnotes":""},"class_list":["post-5926","page","type-page","status-publish","has-post-thumbnail","hentry"],"yoast_head":"<!-- This site is optimized with the Yoast SEO plugin v27.3 - https:\/\/yoast.com\/product\/yoast-seo-wordpress\/ -->\n<title>ATLAS Gesti\u00f3 Mediambiental<\/title>\n<meta name=\"description\" content=\"ATLAS GESTI\u00d3N MEDIOAMBIENTAL ATLAS Gesti\u00f3n Medioambiental, S.A. construye y explota el Dep\u00f3sito de Residuos Peligrosos de Catalu\u00f1a, actividad declarada\" \/>\n<meta name=\"robots\" content=\"index, follow, max-snippet:-1, max-image-preview:large, max-video-preview:-1\" \/>\n<link rel=\"canonical\" href=\"https:\/\/atlasgm.com\/es\/atlas-gestio-mediambiental\/\" \/>\n<meta property=\"og:locale\" content=\"es_ES\" \/>\n<meta property=\"og:type\" content=\"article\" \/>\n<meta property=\"og:title\" content=\"ATLAS Gesti\u00f3 Mediambiental\" \/>\n<meta property=\"og:description\" content=\"ATLAS GESTI\u00d3N MEDIOAMBIENTAL ATLAS Gesti\u00f3n Medioambiental, S.A. construye y explota el Dep\u00f3sito de Residuos Peligrosos de Catalu\u00f1a, actividad declarada\" \/>\n<meta property=\"og:url\" content=\"https:\/\/atlasgm.com\/es\/atlas-gestio-mediambiental\/\" \/>\n<meta property=\"og:site_name\" content=\"ATLAS Gesti\u00f3 Mediambiental\" \/>\n<meta property=\"article:modified_time\" content=\"2023-02-22T10:04:39+00:00\" \/>\n<meta property=\"og:image\" content=\"https:\/\/atlasgm.com\/wp-content\/uploads\/atlasgm-gestio-mediambiental-1024x680.jpg\" \/>\n\t<meta property=\"og:image:width\" content=\"1024\" \/>\n\t<meta property=\"og:image:height\" content=\"680\" \/>\n\t<meta property=\"og:image:type\" content=\"image\/jpeg\" \/>\n<meta name=\"twitter:card\" content=\"summary_large_image\" \/>\n<meta name=\"twitter:label1\" content=\"Tiempo de lectura\" \/>\n\t<meta name=\"twitter:data1\" content=\"1 minuto\" \/>\n<script type=\"application\/ld+json\" class=\"yoast-schema-graph\">{\"@context\":\"https:\\\/\\\/schema.org\",\"@graph\":[{\"@type\":\"WebPage\",\"@id\":\"https:\\\/\\\/atlasgm.com\\\/es\\\/atlas-gestio-mediambiental\\\/\",\"url\":\"https:\\\/\\\/atlasgm.com\\\/es\\\/atlas-gestio-mediambiental\\\/\",\"name\":\"ATLAS Gesti\u00f3 Mediambiental\",\"isPartOf\":{\"@id\":\"https:\\\/\\\/atlasgm.com\\\/es\\\/#website\"},\"primaryImageOfPage\":{\"@id\":\"https:\\\/\\\/atlasgm.com\\\/es\\\/atlas-gestio-mediambiental\\\/#primaryimage\"},\"image\":{\"@id\":\"https:\\\/\\\/atlasgm.com\\\/es\\\/atlas-gestio-mediambiental\\\/#primaryimage\"},\"thumbnailUrl\":\"https:\\\/\\\/atlasgm.com\\\/wp-content\\\/uploads\\\/atlasgm-gestio-mediambiental.jpg\",\"datePublished\":\"2020-07-11T07:51:11+00:00\",\"dateModified\":\"2023-02-22T10:04:39+00:00\",\"description\":\"ATLAS GESTI\u00d3N MEDIOAMBIENTAL ATLAS Gesti\u00f3n Medioambiental, S.A. construye y explota el Dep\u00f3sito de Residuos Peligrosos de Catalu\u00f1a, actividad declarada\",\"inLanguage\":\"es\",\"potentialAction\":[{\"@type\":\"ReadAction\",\"target\":[\"https:\\\/\\\/atlasgm.com\\\/es\\\/atlas-gestio-mediambiental\\\/\"]}]},{\"@type\":\"ImageObject\",\"inLanguage\":\"es\",\"@id\":\"https:\\\/\\\/atlasgm.com\\\/es\\\/atlas-gestio-mediambiental\\\/#primaryimage\",\"url\":\"https:\\\/\\\/atlasgm.com\\\/wp-content\\\/uploads\\\/atlasgm-gestio-mediambiental.jpg\",\"contentUrl\":\"https:\\\/\\\/atlasgm.com\\\/wp-content\\\/uploads\\\/atlasgm-gestio-mediambiental.jpg\",\"width\":2560,\"height\":1700,\"caption\":\"DCIM100MEDIADJI_0315.JPG\"},{\"@type\":\"WebSite\",\"@id\":\"https:\\\/\\\/atlasgm.com\\\/es\\\/#website\",\"url\":\"https:\\\/\\\/atlasgm.com\\\/es\\\/\",\"name\":\"ATLAS Gesti\u00f3 Mediambiental\",\"description\":\"Dip\u00f2sit controlat de residus industrials perillosos\",\"publisher\":{\"@id\":\"https:\\\/\\\/atlasgm.com\\\/es\\\/#organization\"},\"potentialAction\":[{\"@type\":\"SearchAction\",\"target\":{\"@type\":\"EntryPoint\",\"urlTemplate\":\"https:\\\/\\\/atlasgm.com\\\/es\\\/?s={search_term_string}\"},\"query-input\":{\"@type\":\"PropertyValueSpecification\",\"valueRequired\":true,\"valueName\":\"search_term_string\"}}],\"inLanguage\":\"es\"},{\"@type\":\"Organization\",\"@id\":\"https:\\\/\\\/atlasgm.com\\\/es\\\/#organization\",\"name\":\"ATLAS Gesti\u00f3 Mediambiental\",\"url\":\"https:\\\/\\\/atlasgm.com\\\/es\\\/\",\"logo\":{\"@type\":\"ImageObject\",\"inLanguage\":\"es\",\"@id\":\"https:\\\/\\\/atlasgm.com\\\/es\\\/#\\\/schema\\\/logo\\\/image\\\/\",\"url\":\"https:\\\/\\\/atlasgm.com\\\/wp-content\\\/uploads\\\/atlas-logo.jpg\",\"contentUrl\":\"https:\\\/\\\/atlasgm.com\\\/wp-content\\\/uploads\\\/atlas-logo.jpg\",\"width\":394,\"height\":236,\"caption\":\"ATLAS Gesti\u00f3 Mediambiental\"},\"image\":{\"@id\":\"https:\\\/\\\/atlasgm.com\\\/es\\\/#\\\/schema\\\/logo\\\/image\\\/\"}}]}<\/script>\n<!-- \/ Yoast SEO plugin. -->","yoast_head_json":{"title":"ATLAS Gesti\u00f3 Mediambiental","description":"ATLAS GESTI\u00d3N MEDIOAMBIENTAL ATLAS Gesti\u00f3n Medioambiental, S.A. construye y explota el Dep\u00f3sito de Residuos Peligrosos de Catalu\u00f1a, actividad declarada","robots":{"index":"index","follow":"follow","max-snippet":"max-snippet:-1","max-image-preview":"max-image-preview:large","max-video-preview":"max-video-preview:-1"},"canonical":"https:\/\/atlasgm.com\/es\/atlas-gestio-mediambiental\/","og_locale":"es_ES","og_type":"article","og_title":"ATLAS Gesti\u00f3 Mediambiental","og_description":"ATLAS GESTI\u00d3N MEDIOAMBIENTAL ATLAS Gesti\u00f3n Medioambiental, S.A. construye y explota el Dep\u00f3sito de Residuos Peligrosos de Catalu\u00f1a, actividad declarada","og_url":"https:\/\/atlasgm.com\/es\/atlas-gestio-mediambiental\/","og_site_name":"ATLAS Gesti\u00f3 Mediambiental","article_modified_time":"2023-02-22T10:04:39+00:00","og_image":[{"width":1024,"height":680,"url":"https:\/\/atlasgm.com\/wp-content\/uploads\/atlasgm-gestio-mediambiental-1024x680.jpg","type":"image\/jpeg"}],"twitter_card":"summary_large_image","twitter_misc":{"Tiempo de lectura":"1 minuto"},"schema":{"@context":"https:\/\/schema.org","@graph":[{"@type":"WebPage","@id":"https:\/\/atlasgm.com\/es\/atlas-gestio-mediambiental\/","url":"https:\/\/atlasgm.com\/es\/atlas-gestio-mediambiental\/","name":"ATLAS Gesti\u00f3 Mediambiental","isPartOf":{"@id":"https:\/\/atlasgm.com\/es\/#website"},"primaryImageOfPage":{"@id":"https:\/\/atlasgm.com\/es\/atlas-gestio-mediambiental\/#primaryimage"},"image":{"@id":"https:\/\/atlasgm.com\/es\/atlas-gestio-mediambiental\/#primaryimage"},"thumbnailUrl":"https:\/\/atlasgm.com\/wp-content\/uploads\/atlasgm-gestio-mediambiental.jpg","datePublished":"2020-07-11T07:51:11+00:00","dateModified":"2023-02-22T10:04:39+00:00","description":"ATLAS GESTI\u00d3N MEDIOAMBIENTAL ATLAS Gesti\u00f3n Medioambiental, S.A. construye y explota el Dep\u00f3sito de Residuos Peligrosos de Catalu\u00f1a, actividad declarada","inLanguage":"es","potentialAction":[{"@type":"ReadAction","target":["https:\/\/atlasgm.com\/es\/atlas-gestio-mediambiental\/"]}]},{"@type":"ImageObject","inLanguage":"es","@id":"https:\/\/atlasgm.com\/es\/atlas-gestio-mediambiental\/#primaryimage","url":"https:\/\/atlasgm.com\/wp-content\/uploads\/atlasgm-gestio-mediambiental.jpg","contentUrl":"https:\/\/atlasgm.com\/wp-content\/uploads\/atlasgm-gestio-mediambiental.jpg","width":2560,"height":1700,"caption":"DCIM100MEDIADJI_0315.JPG"},{"@type":"WebSite","@id":"https:\/\/atlasgm.com\/es\/#website","url":"https:\/\/atlasgm.com\/es\/","name":"ATLAS Gesti\u00f3 Mediambiental","description":"Dip\u00f2sit controlat de residus industrials perillosos","publisher":{"@id":"https:\/\/atlasgm.com\/es\/#organization"},"potentialAction":[{"@type":"SearchAction","target":{"@type":"EntryPoint","urlTemplate":"https:\/\/atlasgm.com\/es\/?s={search_term_string}"},"query-input":{"@type":"PropertyValueSpecification","valueRequired":true,"valueName":"search_term_string"}}],"inLanguage":"es"},{"@type":"Organization","@id":"https:\/\/atlasgm.com\/es\/#organization","name":"ATLAS Gesti\u00f3 Mediambiental","url":"https:\/\/atlasgm.com\/es\/","logo":{"@type":"ImageObject","inLanguage":"es","@id":"https:\/\/atlasgm.com\/es\/#\/schema\/logo\/image\/","url":"https:\/\/atlasgm.com\/wp-content\/uploads\/atlas-logo.jpg","contentUrl":"https:\/\/atlasgm.com\/wp-content\/uploads\/atlas-logo.jpg","width":394,"height":236,"caption":"ATLAS Gesti\u00f3 Mediambiental"},"image":{"@id":"https:\/\/atlasgm.com\/es\/#\/schema\/logo\/image\/"}}]}},"_links":{"self":[{"href":"https:\/\/atlasgm.com\/es\/wp-json\/wp\/v2\/pages\/5926","targetHints":{"allow":["GET"]}}],"collection":[{"href":"https:\/\/atlasgm.com\/es\/wp-json\/wp\/v2\/pages"}],"about":[{"href":"https:\/\/atlasgm.com\/es\/wp-json\/wp\/v2\/types\/page"}],"author":[{"embeddable":true,"href":"https:\/\/atlasgm.com\/es\/wp-json\/wp\/v2\/users\/1"}],"replies":[{"embeddable":true,"href":"https:\/\/atlasgm.com\/es\/wp-json\/wp\/v2\/comments?post=5926"}],"version-history":[{"count":3,"href":"https:\/\/atlasgm.com\/es\/wp-json\/wp\/v2\/pages\/5926\/revisions"}],"predecessor-version":[{"id":6687,"href":"https:\/\/atlasgm.com\/es\/wp-json\/wp\/v2\/pages\/5926\/revisions\/6687"}],"wp:featuredmedia":[{"embeddable":true,"href":"https:\/\/atlasgm.com\/es\/wp-json\/wp\/v2\/media\/5763"}],"wp:attachment":[{"href":"https:\/\/atlasgm.com\/es\/wp-json\/wp\/v2\/media?parent=5926"}],"curies":[{"name":"wp","href":"https:\/\/api.w.org\/{rel}","templated":true}]}}